{"id":1619,"date":"2020-06-19T03:18:35","date_gmt":"2020-06-19T03:18:35","guid":{"rendered":"http:\/\/teviasa.com.ec\/?post_type=product&#038;p=1619"},"modified":"2024-08-25T17:36:35","modified_gmt":"2024-08-25T22:36:35","slug":"generac-mmg55df4","status":"publish","type":"product","link":"https:\/\/teviasa.com.ec\/index.php\/product\/generac-mmg55df4\/","title":{"rendered":"GENERAC MMG55DF4"},"content":{"rendered":"<div id=\"pl-1619\"  class=\"panel-layout\" ><div id=\"pg-1619-0\"  class=\"panel-grid panel-has-style\" ><div class=\"tablet-default mobile-1-in-row desktop-default panel-row-style panel-row-style-for-1619-0\" ><div id=\"pgc-1619-0-0\"  class=\"panel-grid-cell\" ><div id=\"panel-1619-0-0-0\" class=\"so-panel widget widget_sow-editor panel-first-child panel-last-child\" data-index=\"0\" ><div class=\"orion default panel-widget-style panel-widget-style-for-1619-0-0-0\" ><div class=\"so-widget-sow-editor so-widget-sow-editor-base\">\n<div class=\"siteorigin-widget-tinymce textwidget\">\n\t<p><strong>Generador diesel remolcable Magnum MMG55DF4-STD 46kW Potencia<\/strong><\/p>\n<p><span>silenciosa y f\u00e1cil<\/span><\/p>\n<p><span>generador diesel remolcable MMG55DF4-STD 46kW El generador diesel remolcable Generac | Magnum MMG55DF4-STD 46kW una gran cantidad de energ\u00eda en un paquete altamente innovador, f\u00e1cil de usar y f\u00e1cil de mantener.\u00a0Esta unidad diesel fue desarrollada espec\u00edficamente con un gabinete \u00fatil que tiene las caracter\u00edsticas exactas que nuestros clientes desean, incluyendo ser f\u00e1cilmente mantenible y tan f\u00e1cil de usar como sea posible.\u00a0Adem\u00e1s, el generador diesel remolcable MMG55DF4-STD de 46kW es compatible con un motor Tier 4 con un tiempo de ejecuci\u00f3n impresionantemente largo y la capacidad de seleccionar f\u00e1cilmente la potencia de salida deseada.\u00a0Todas estas caracter\u00edsticas \u00fatiles est\u00e1n encerradas en una carcasa de aluminio a prueba de herrumbre, a prueba de herrumbre, para que pueda usar esta unidad en cualquier lugar que desee, en un evento o en el trabajo.<\/span><\/p>\n<\/div>\n<\/div><\/div><\/div><\/div><\/div><\/div><\/div>","protected":false},"excerpt":{"rendered":"<h5>GENERAC MMG55DF4<\/h5>\n","protected":false},"featured_media":1621,"comment_status":"open","ping_status":"closed","template":"","meta":[],"_links":{"self":[{"href":"https:\/\/teviasa.com.ec\/index.php\/wp-json\/wp\/v2\/product\/1619"}],"collection":[{"href":"https:\/\/teviasa.com.ec\/index.php\/wp-json\/wp\/v2\/product"}],"about":[{"href":"https:\/\/teviasa.com.ec\/index.php\/wp-json\/wp\/v2\/types\/product"}],"replies":[{"embeddable":true,"href":"https:\/\/teviasa.com.ec\/index.php\/wp-json\/wp\/v2\/comments?post=1619"}],"wp:featuredmedia":[{"embeddable":true,"href":"https:\/\/teviasa.com.ec\/index.php\/wp-json\/wp\/v2\/media\/1621"}],"wp:attachment":[{"href":"https:\/\/teviasa.com.ec\/index.php\/wp-json\/wp\/v2\/media?parent=1619"}],"curies":[{"name":"wp","href":"https:\/\/api.w.org\/{rel}","templated":true}]}}