{"id":1612,"date":"2020-06-19T02:56:59","date_gmt":"2020-06-19T02:56:59","guid":{"rendered":"http:\/\/teviasa.com.ec\/?post_type=product&#038;p=1612"},"modified":"2024-07-31T11:10:14","modified_gmt":"2024-07-31T16:10:14","slug":"mototrbo-digital-mobile-radio","status":"publish","type":"product","link":"https:\/\/teviasa.com.ec\/index.php\/product\/mototrbo-digital-mobile-radio\/","title":{"rendered":"MOTOTRBO Digital Mobile Radio"},"content":{"rendered":"<div id=\"pl-1612\"  class=\"panel-layout\" ><div id=\"pg-1612-0\"  class=\"panel-grid panel-has-style\" ><div class=\"tablet-default mobile-1-in-row desktop-default panel-row-style panel-row-style-for-1612-0\" ><div id=\"pgc-1612-0-0\"  class=\"panel-grid-cell\" ><div id=\"panel-1612-0-0-0\" class=\"so-panel widget widget_sow-editor panel-first-child panel-last-child\" data-index=\"0\" ><div class=\"orion default panel-widget-style panel-widget-style-for-1612-0-0-0\" ><div class=\"so-widget-sow-editor so-widget-sow-editor-base\">\n<div class=\"siteorigin-widget-tinymce textwidget\">\n\t<div class=\"ms-column ie-6 medium-6\">\n<div>\n<div class=\"richtexteditor parbase section\">\n<p><b><span>Conectado<\/span><br \/>\n<\/b><span>La serie MOTOTRBO XPR 7000e es una familia de radios digitales est\u00e1ndar DMR que ofrece comunicaciones de voz y datos cr\u00edticas para las operaciones.\u00a0El audio Bluetooth\u00ae le permite hablar sin cables, el Wi-Fi integrado permite actualizaciones de software remotas y las capacidades de rastreo de ubicaci\u00f3n en interiores y exteriores le brindan una visibilidad total de sus recursos.\u00a0El soporte WAVE OnCloud incorporado lo mantiene conectado a trav\u00e9s de Wi-Fi cuando abandona su \u00e1rea de cobertura MOTOTRBO (se requiere suscripci\u00f3n al servicio).\u00a0En las radios con teclados completos, la funci\u00f3n de bloqueo de canal deshabilita la perilla de canal, evitando que cambie canales accidentalmente.\u00a0Con soporte para trunking y tecnolog\u00eda anal\u00f3gica heredada, puede mantener su organizaci\u00f3n conectada a medida que crece.\u00a0<\/span><\/p>\n<\/div>\n<div class=\"richtexteditor parbase section\">\n<p><b><br \/>\n<\/b><span>Los mensajes de texto\u00a0<b>productivos<\/b>\u00a0y la emisi\u00f3n de \u00f3rdenes de trabajo simplifican las comunicaciones complejas, y las capacidades de datos admiten aplicaciones avanzadas.\u00a0Con un potente amplificador de audio, estas radios brindan un discurso alto y claro, con cancelaci\u00f3n de ruido industrial para una mejor inteligibilidad.\u00a0La \u00faltima tecnolog\u00eda energ\u00e9tica ofrece hasta 29 horas de duraci\u00f3n de la bater\u00eda para trabajar en 3 turnos, y un receptor mejorado aumenta el alcance hasta en un 8%.<\/span><\/p>\n<\/div>\n<\/div>\n<\/div>\n<div class=\"ms-column ie-6 medium-6\">\n<div>\n<div class=\"richtexteditor parbase section\">\n<p><b><span>Seguro<\/span><\/b><br \/>\n<span>Proteja a su personal con una tecnolog\u00eda sensible al pulsar para hablar. El prominente bot\u00f3n naranja de emergencia en las radios de la serie XPR 7000e ayuda con un solo toque, utilizando Transmitir interrupci\u00f3n para evitar borrar un canal cuando sea necesario.\u00a0Un aceler\u00f3metro integrado detecta si se ha ca\u00eddo y puede solicitar asistencia autom\u00e1ticamente.\u00a0La radio se prueba seg\u00fan los est\u00e1ndares militares m\u00e1s estrictos y es resistente al agua seg\u00fan IP68.\u00a0No te defraudar\u00e1.<\/span><\/p>\n<\/div>\n<\/div>\n<\/div>\n<\/div>\n<\/div><\/div><\/div><\/div><\/div><\/div><\/div>","protected":false},"excerpt":{"rendered":"<p>Con esta evoluci\u00f3n din\u00e1mica de\u00a0las radios digitales\u00a0bidireccionales MOTOTRBO\u00a0<sup>TM,<\/sup>\u00a0estar\u00e1\u00a0mejor conectado, m\u00e1s seguro y m\u00e1s productivo.\u00a0La serie XPR\u00a0<sup>TM<\/sup>\u00a07000e est\u00e1 dise\u00f1ada para el profesional calificado que se niega a comprometerse.\u00a0Con voz y datos integrados de alto rendimiento y funciones avanzadas para una operaci\u00f3n eficiente, estas radios de pr\u00f3xima generaci\u00f3n brindan conectividad completa a su organizaci\u00f3n.<\/p>\n<p>Esto es lo nuevo en estas radios de pr\u00f3xima generaci\u00f3n:<\/p>\n<ul>\n<li>Wi-Fi integrado<\/li>\n<li>Actualizaciones de software por aire<\/li>\n<li>Bluetooth\u00ae 4.0<\/li>\n<li>Soporte WAVE \u2122 OnCloud<\/li>\n<li>Bloqueo de canal (XPR 7550e y XPR 7580e)<\/li>\n<li>Seguimiento de la ubicaci\u00f3n interior<\/li>\n<li>Aceler\u00f3metro integrado para hombre abajo opcional<\/li>\n<li>Calidad de audio mejorada<\/li>\n<li>Capacidad de expansi\u00f3n mejorada,<\/li>\n<li>Mejor duraci\u00f3n de la bater\u00eda (hasta 29 horas)<\/li>\n<li>Mejor rango (hasta 8%)<\/li>\n<li>Mejor impermeabilizaci\u00f3n (IP68)<\/li>\n<\/ul>\n","protected":false},"featured_media":1614,"comment_status":"open","ping_status":"closed","template":"","meta":[],"_links":{"self":[{"href":"https:\/\/teviasa.com.ec\/index.php\/wp-json\/wp\/v2\/product\/1612"}],"collection":[{"href":"https:\/\/teviasa.com.ec\/index.php\/wp-json\/wp\/v2\/product"}],"about":[{"href":"https:\/\/teviasa.com.ec\/index.php\/wp-json\/wp\/v2\/types\/product"}],"replies":[{"embeddable":true,"href":"https:\/\/teviasa.com.ec\/index.php\/wp-json\/wp\/v2\/comments?post=1612"}],"wp:featuredmedia":[{"embeddable":true,"href":"https:\/\/teviasa.com.ec\/index.php\/wp-json\/wp\/v2\/media\/1614"}],"wp:attachment":[{"href":"https:\/\/teviasa.com.ec\/index.php\/wp-json\/wp\/v2\/media?parent=1612"}],"curies":[{"name":"wp","href":"https:\/\/api.w.org\/{rel}","templated":true}]}}