{"id":2860,"date":"2021-11-23T17:04:15","date_gmt":"2021-11-23T22:04:15","guid":{"rendered":"https:\/\/teviasa.com.ec\/?page_id=2860"},"modified":"2021-11-23T17:57:48","modified_gmt":"2021-11-23T22:57:48","slug":"monitoreo-iot","status":"publish","type":"page","link":"https:\/\/teviasa.com.ec\/index.php\/monitoreo-iot\/","title":{"rendered":"Monitoreo IoT"},"content":{"rendered":"<div id=\"pl-2860\"  class=\"panel-layout\" ><div id=\"pg-2860-0\"  class=\"panel-grid panel-no-style\" ><div id=\"pgc-2860-0-0\"  class=\"panel-grid-cell\" ><div id=\"panel-2860-0-0-0\" class=\"so-panel widget widget_sow-image panel-first-child panel-last-child\" data-index=\"0\" ><div class=\"orion default panel-widget-style panel-widget-style-for-2860-0-0-0\" ><div class=\"so-widget-sow-image so-widget-sow-image-default-17bc2272b535\">\n\n<div class=\"sow-image-container\">\n\t<img src=\"https:\/\/teviasa.com.ec\/wp-content\/uploads\/2021\/11\/Monitoreo-IoT-2.jpg\" title=\"Monitoreo IoT\" alt=\"\" \t\tclass=\"so-widget-image\"\/>\n<\/div>\n\n<\/div><\/div><\/div><\/div><\/div><div id=\"pg-2860-1\"  class=\"panel-grid panel-has-style\" ><div class=\"siteorigin-panels-stretch tablet-default mobile-1-in-row desktop-default panel-row-style panel-row-style-for-2860-1\" data-stretch-type=\"full\" ><div id=\"pgc-2860-1-0\"  class=\"panel-grid-cell panel-grid-cell-empty\" ><\/div><div id=\"pgc-2860-1-1\"  class=\"panel-grid-cell panel-grid-cell-mobile-last\" ><div id=\"panel-2860-1-1-0\" class=\"so-panel widget widget_sow-editor panel-first-child\" data-index=\"1\" ><div class=\"orion default panel-widget-style panel-widget-style-for-2860-1-1-0\" ><div class=\"so-widget-sow-editor so-widget-sow-editor-base\">\n<div class=\"siteorigin-widget-tinymce textwidget\">\n\t<h4 style=\"text-align: center;\"><span style=\"color: #ffffff;\">El monitoreo de IoT son productos muy simples (de un solo prop\u00f3sito). La instalaci\u00f3n es f\u00e1cil, con\u00e9ctese a la LAN, enchufe la fuente de alimentaci\u00f3n (inserte la bater\u00eda) y p\u00e9guela a la pared. Los productos de monitoreo de IoT deben estar conectados al portal (HWg-cloud de forma gratuita o cualquier SensDesk de los proveedores del portal).<br \/>\n<\/span><\/h4>\n<h4 style=\"text-align: center;\"><span style=\"color: #ffffff;\">Estamos respaldados por HW Group (empresa checoslovaca)<\/span><\/h4>\n<\/div>\n<\/div><\/div><\/div><div id=\"panel-2860-1-1-1\" class=\"so-panel widget widget_sow-editor panel-last-child\" data-index=\"2\" ><div class=\"orion default panel-widget-style panel-widget-style-for-2860-1-1-1\" ><div class=\"so-widget-sow-editor so-widget-sow-editor-base\">\n<div class=\"siteorigin-widget-tinymce textwidget\">\n\t<h4 style=\"text-align: center;\"><a HREF=\"https:\/\/teviasa.com.ec\/wp-content\/uploads\/2021\/11\/hwg-monitoring-catalog_21-0-0_cs.pdf\" style=\"color: #ffffff;\">Descargue el cat\u00e1logo de soluciones<\/a><\/h4>\n<\/div>\n<\/div><\/div><\/div><\/div><div id=\"pgc-2860-1-2\"  class=\"panel-grid-cell panel-grid-cell-empty\" ><\/div><\/div><\/div><\/div>","protected":false},"excerpt":{"rendered":"<p>El monitoreo de IoT son productos muy simples (de un solo prop\u00f3sito). La instalaci\u00f3n es f\u00e1cil, con\u00e9ctese a la LAN, enchufe la fuente de alimentaci\u00f3n (inserte la bater\u00eda) y p\u00e9guela a la pared. Los productos de monitoreo de IoT deben estar conectados al portal (HWg-cloud de forma gratuita o cualquier SensDesk de los proveedores del<\/p>\n","protected":false},"author":1,"featured_media":0,"parent":0,"menu_order":0,"comment_status":"closed","ping_status":"closed","template":"","meta":[],"_links":{"self":[{"href":"https:\/\/teviasa.com.ec\/index.php\/wp-json\/wp\/v2\/pages\/2860"}],"collection":[{"href":"https:\/\/teviasa.com.ec\/index.php\/wp-json\/wp\/v2\/pages"}],"about":[{"href":"https:\/\/teviasa.com.ec\/index.php\/wp-json\/wp\/v2\/types\/page"}],"author":[{"embeddable":true,"href":"https:\/\/teviasa.com.ec\/index.php\/wp-json\/wp\/v2\/users\/1"}],"replies":[{"embeddable":true,"href":"https:\/\/teviasa.com.ec\/index.php\/wp-json\/wp\/v2\/comments?post=2860"}],"version-history":[{"count":35,"href":"https:\/\/teviasa.com.ec\/index.php\/wp-json\/wp\/v2\/pages\/2860\/revisions"}],"predecessor-version":[{"id":2901,"href":"https:\/\/teviasa.com.ec\/index.php\/wp-json\/wp\/v2\/pages\/2860\/revisions\/2901"}],"wp:attachment":[{"href":"https:\/\/teviasa.com.ec\/index.php\/wp-json\/wp\/v2\/media?parent=2860"}],"curies":[{"name":"wp","href":"https:\/\/api.w.org\/{rel}","templated":true}]}}