{"id":2364,"date":"2020-07-04T17:51:48","date_gmt":"2020-07-04T17:51:48","guid":{"rendered":"http:\/\/teviasa.com.ec\/?page_id=2364"},"modified":"2020-11-10T22:42:51","modified_gmt":"2020-11-11T03:42:51","slug":"blog","status":"publish","type":"page","link":"https:\/\/teviasa.com.ec\/index.php\/blog\/","title":{"rendered":"Blog"},"content":{"rendered":"<div id=\"pl-2364\"  class=\"panel-layout\" ><div id=\"pg-2364-0\"  class=\"panel-grid panel-has-style\" ><div class=\"siteorigin-panels-stretch tablet-default mobile-1-in-row desktop-default full-width-on-small-devices panel-row-style panel-row-style-for-2364-0\" style=\"background-position: center center; background-repeat: no-repeat; background-size:cover;\" data-stretch-type=\"full\" ><div id=\"pgc-2364-0-0\"  class=\"panel-grid-cell panel-grid-cell-empty\" ><\/div><div id=\"pgc-2364-0-1\"  class=\"panel-grid-cell panel-grid-cell-mobile-last\" ><div class=\"overlay-c1 panel-cell-style panel-cell-style-for-2364-0-1\" ><div id=\"panel-2364-0-1-0\" class=\"so-panel widget widget_orion_heading_w panel-first-child\" data-index=\"0\" ><div class=\"orion mobile-text-center tablets-text-center default panel-widget-style panel-widget-style-for-2364-0-1-0\" ><div class=\"so-widget-orion_heading_w so-widget-orion_heading_w-base\">\n\t\n\t\t\n\t<div class=\"row orion-heading\" style=\"margin-bottom:0px;\">\n\t\t<div class=\"col-md-12  separator-style-2 text-center style-h5 style-text-light\">\n\t\t\t<h5 class=\"text-light\">\n\t\t\t\tTEVIASA\t\t\t<\/h5>\n\t\t<\/div>\n\t<\/div>\n\n\t<\/div><\/div><\/div><div id=\"panel-2364-0-1-1\" class=\"so-panel widget widget_sow-editor panel-last-child\" data-index=\"1\" ><div class=\"orion mobile-text-center tablets-text-center text-light panel-widget-style panel-widget-style-for-2364-0-1-1\" ><div class=\"so-widget-sow-editor so-widget-sow-editor-base\">\n<div class=\"siteorigin-widget-tinymce textwidget\">\n\t<h1 class=\"h2\" style=\"text-align: center;\">Nuestro blog<\/h1>\n<\/div>\n<\/div><\/div><\/div><\/div><\/div><div id=\"pgc-2364-0-2\"  class=\"panel-grid-cell panel-grid-cell-empty\" ><\/div><\/div><\/div><div id=\"pg-2364-1\"  class=\"panel-grid panel-has-style\" ><div class=\"siteorigin-panels-stretch tablet-default mobile-1-in-row desktop-default full-width-on-small-devices panel-row-style panel-row-style-for-2364-1\" style=\"background-position: center center; background-repeat: no-repeat; background-size:cover;\" data-stretch-type=\"full\" ><div id=\"pgc-2364-1-0\"  class=\"panel-grid-cell panel-grid-cell-empty\" ><\/div><div id=\"pgc-2364-1-1\"  class=\"panel-grid-cell panel-grid-cell-mobile-last\" ><div id=\"panel-2364-1-1-0\" class=\"so-panel widget widget_orion_recent_posts_carousel panel-first-child panel-last-child\" data-index=\"2\" ><div class=\"orion default panel-widget-style panel-widget-style-for-2364-1-1-0\" ><div class=\"so-widget-orion_recent_posts_carousel so-widget-orion_recent_posts_carousel-base\"><div class=\"row recent-post-carousel grid\">\n\n\t<div class=\"wrapper\">\n\n\t\n\t\t\t\t\t \t\t<article class=\"item col-md-4 col-sm-6 \">\n\n\t\t\t\t\t<header class=\"entry-header\">\n\t\t\t\t\t\t\t\t\t<div class=\"thedate absolute top left\">\n\t\t\t\t\t\t\t\t\t\t\t\t<span class=\"date date-day text-dark font-2\">\n\t\t\t\t\t\t\t4\t\t\t\t\t\t<\/span>\n\n\t\t\t\t\t\t\t\t\t\t\t\t<span class=\"date date-month primary-color-bg text-light font-2\">\n\t\t\t\t\t\t\tJun\t\t\t\t\t\t<\/span>\t\t\t\n\t\t\t\t\t<\/div>\n\t\t\t\t\t\t\t\t\t\t\t\t\t\t\t\t\t<a href=\"https:\/\/teviasa.com.ec\/index.php\/2021\/06\/04\/renovamos-nuestra-imagen\/\" class=\"image-wrap overlay-none overlay-hover-none scale-zoomin\">\n\t\t\t\t\t\t<img width=\"750\" height=\"500\" src=\"https:\/\/teviasa.com.ec\/wp-content\/uploads\/2021\/06\/WhatsApp-Image-2021-06-02-at-12.19.42-750x500.jpeg\" class=\"attachment-orion_carousel size-orion_carousel wp-post-image\" alt=\"\" loading=\"lazy\" \/>\t\t\t\t\t\t<div class=\"overlay\"><\/div>\n\t\t\t\t\t<\/a>\n\t\t\t\t\t\t\t\t\t\t\n\t\t\t<\/header>\n\t\t\t\t\n\t\t<div class=\"entry-content  \" style=\"background-color: transparent\">\n\n\t\t\t\t\t\t<div class=\"meta\">\n\t\t\t\t\t\n\t\t\t\t\t\t        \t\t\t\t\t\t\n\t\t\t\t<span class=\"entry-meta\">\n\t\t\t\t<a class=\"font-3 small category opacity entry-meta\" href=\"https:\/\/teviasa.com.ec\/index.php\/category\/noticias\/\">Noticias<\/a>\n\t\t\t\t<\/span>\n\t\t        \t\t    <\/div>\n\t\t\t\t\t    \t\t\t\t<a class=\"primary-hover\" title=\"Renovamos nuestra imagen\" href=\"https:\/\/teviasa.com.ec\/index.php\/2021\/06\/04\/renovamos-nuestra-imagen\/\"> <h4 class=\"item-title primary-hover \" > Renovamos nuestra imagen<\/h4>\n\t\t\t\t<\/a>\n\t\t\t\t\t\t\t\t\t\t\t\n\t\t\t\t\t\t\t\t<div class=\"excerpt\"> \n\t\t\t\t\t<p>RENOVAMOS NUESTRA IMAGEN Desde TEVIASA apostamos por innovar y dar a conocer nuestra nueva imagen corporativa. Una cambio de logo...<\/p>\t\t\t\t<\/div>\n\t\t\t\t\t\t\t\t\t\t<a class=\"btn btn-c1 btn-sm\" title=\"Renovamos nuestra imagen\" href=\"https:\/\/teviasa.com.ec\/index.php\/2021\/06\/04\/renovamos-nuestra-imagen\/\">Ver Noticia<\/a>\n\t\t\t\t\n\t\t\t<\/div>\t\n\t\t<\/article>\n\t\t\t\t\t \t\t<article class=\"item col-md-4 col-sm-6 \">\n\n\t\t\t\t\t<header class=\"entry-header\">\n\t\t\t\t\t\t\t\t\t<div class=\"thedate absolute top left\">\n\t\t\t\t\t\t\t\t\t\t\t\t<span class=\"date date-day text-dark font-2\">\n\t\t\t\t\t\t\t10\t\t\t\t\t\t<\/span>\n\n\t\t\t\t\t\t\t\t\t\t\t\t<span class=\"date date-month primary-color-bg text-light font-2\">\n\t\t\t\t\t\t\tNov\t\t\t\t\t\t<\/span>\t\t\t\n\t\t\t\t\t<\/div>\n\t\t\t\t\t\t\t\t\t\t\t\t\t\t\t\t\t<a href=\"https:\/\/teviasa.com.ec\/index.php\/2020\/11\/10\/expominas-virtual-2020\/\" class=\"image-wrap overlay-none overlay-hover-none scale-zoomin\">\n\t\t\t\t\t\t<img width=\"750\" height=\"500\" src=\"https:\/\/teviasa.com.ec\/wp-content\/uploads\/2020\/11\/TEVIASA-750x500.png\" class=\"attachment-orion_carousel size-orion_carousel wp-post-image\" alt=\"\" loading=\"lazy\" \/>\t\t\t\t\t\t<div class=\"overlay\"><\/div>\n\t\t\t\t\t<\/a>\n\t\t\t\t\t\t\t\t\t\t\n\t\t\t<\/header>\n\t\t\t\t\n\t\t<div class=\"entry-content  \" style=\"background-color: transparent\">\n\n\t\t\t\t\t\t<div class=\"meta\">\n\t\t\t\t\t\n\t\t\t\t\t\t        \t\t\t\t\t\t\n\t\t\t\t<span class=\"entry-meta\">\n\t\t\t\t<a class=\"font-3 small category opacity entry-meta\" href=\"https:\/\/teviasa.com.ec\/index.php\/category\/uncategorized\/\">Uncategorized<\/a>\n\t\t\t\t<\/span>\n\t\t        \t\t    <\/div>\n\t\t\t\t\t    \t\t\t\t<a class=\"primary-hover\" title=\"EXPOMINAS VIRTUAL 2020\" href=\"https:\/\/teviasa.com.ec\/index.php\/2020\/11\/10\/expominas-virtual-2020\/\"> <h4 class=\"item-title primary-hover \" > EXPOMINAS VIRTUAL 2020<\/h4>\n\t\t\t\t<\/a>\n\t\t\t\t\t\t\t\t\t\t\t\n\t\t\t\t\t\t\t\t<div class=\"excerpt\"> \n\t\t\t\t\t<p>Los esperamos en la Expominas Virtual 2020 del 16 al 20 de noviembre de 2020. Pre-registro aqu\u00ed: https:\/\/expominasvirtual.com...<\/p>\t\t\t\t<\/div>\n\t\t\t\t\t\t\t\t\t\t<a class=\"btn btn-c1 btn-sm\" title=\"EXPOMINAS VIRTUAL 2020\" href=\"https:\/\/teviasa.com.ec\/index.php\/2020\/11\/10\/expominas-virtual-2020\/\">Ver Noticia<\/a>\n\t\t\t\t\n\t\t\t<\/div>\t\n\t\t<\/article>\n\t\t\t\t\t \t\t<article class=\"item col-md-4 col-sm-6 \">\n\n\t\t\t\t\t<header class=\"entry-header\">\n\t\t\t\t\t\t\t\t\t<div class=\"thedate absolute top left\">\n\t\t\t\t\t\t\t\t\t\t\t\t<span class=\"date date-day text-dark font-2\">\n\t\t\t\t\t\t\t26\t\t\t\t\t\t<\/span>\n\n\t\t\t\t\t\t\t\t\t\t\t\t<span class=\"date date-month primary-color-bg text-light font-2\">\n\t\t\t\t\t\t\tAgo\t\t\t\t\t\t<\/span>\t\t\t\n\t\t\t\t\t<\/div>\n\t\t\t\t\t\t\t\t\t\t\t\t\t\t\t\t\t<a href=\"https:\/\/teviasa.com.ec\/index.php\/2020\/08\/26\/alas-para-ecuador\/\" class=\"image-wrap overlay-none overlay-hover-none scale-zoomin\">\n\t\t\t\t\t\t<img width=\"750\" height=\"500\" src=\"https:\/\/teviasa.com.ec\/wp-content\/uploads\/2020\/08\/47202340_1586118592363686_r-750x500.jpeg\" class=\"attachment-orion_carousel size-orion_carousel wp-post-image\" alt=\"\" loading=\"lazy\" \/>\t\t\t\t\t\t<div class=\"overlay\"><\/div>\n\t\t\t\t\t<\/a>\n\t\t\t\t\t\t\t\t\t\t\n\t\t\t<\/header>\n\t\t\t\t\n\t\t<div class=\"entry-content  \" style=\"background-color: transparent\">\n\n\t\t\t\t\t\t<div class=\"meta\">\n\t\t\t\t\t\n\t\t\t\t\t\t        \t\t\t\t\t\t\n\t\t\t\t<span class=\"entry-meta\">\n\t\t\t\t<a class=\"font-3 small category opacity entry-meta\" href=\"https:\/\/teviasa.com.ec\/index.php\/category\/noticias\/\">Noticias<\/a>\n\t\t\t\t<\/span>\n\t\t        \t\t    <\/div>\n\t\t\t\t\t    \t\t\t\t<a class=\"primary-hover\" title=\"Alas para Ecuador\" href=\"https:\/\/teviasa.com.ec\/index.php\/2020\/08\/26\/alas-para-ecuador\/\"> <h4 class=\"item-title primary-hover \" > Alas para Ecuador<\/h4>\n\t\t\t\t<\/a>\n\t\t\t\t\t\t\t\t\t\t\t\n\t\t\t\t\t\t\t\t<div class=\"excerpt\"> \n\t\t\t\t\t<p>Ay\u00fadamos a Ecquipar al Personal M\u00e9dico de Ecuador Ay\u00fadamos a Ecquipar al Personal M\u00e9dico de Ecuador Nuestros m\u00e9dicos, enfermeros, t\u00e9cnicos...<\/p>\t\t\t\t<\/div>\n\t\t\t\t\t\t\t\t\t\t<a class=\"btn btn-c1 btn-sm\" title=\"Alas para Ecuador\" href=\"https:\/\/teviasa.com.ec\/index.php\/2020\/08\/26\/alas-para-ecuador\/\">Ver Noticia<\/a>\n\t\t\t\t\n\t\t\t<\/div>\t\n\t\t<\/article>\n\t\t\t\t\t \t\t<article class=\"item col-md-4 col-sm-6 \">\n\n\t\t\t\t\t<header class=\"entry-header\">\n\t\t\t\t\t\t\t\t\t<div class=\"thedate absolute top left\">\n\t\t\t\t\t\t\t\t\t\t\t\t<span class=\"date date-day text-dark font-2\">\n\t\t\t\t\t\t\t6\t\t\t\t\t\t<\/span>\n\n\t\t\t\t\t\t\t\t\t\t\t\t<span class=\"date date-month primary-color-bg text-light font-2\">\n\t\t\t\t\t\t\tJun\t\t\t\t\t\t<\/span>\t\t\t\n\t\t\t\t\t<\/div>\n\t\t\t\t\t\t\t\t\t\t\t\t\t\t\t\t\t<a href=\"https:\/\/teviasa.com.ec\/index.php\/2020\/06\/06\/hello-world\/\" class=\"image-wrap overlay-none overlay-hover-none scale-zoomin\">\n\t\t\t\t\t\t<img width=\"750\" height=\"500\" src=\"https:\/\/teviasa.com.ec\/wp-content\/uploads\/2020\/06\/89847383_3024338877590798_8333988394090627072_o-750x500.jpg\" class=\"attachment-orion_carousel size-orion_carousel wp-post-image\" alt=\"\" loading=\"lazy\" \/>\t\t\t\t\t\t<div class=\"overlay\"><\/div>\n\t\t\t\t\t<\/a>\n\t\t\t\t\t\t\t\t\t\t\n\t\t\t<\/header>\n\t\t\t\t\n\t\t<div class=\"entry-content  \" style=\"background-color: transparent\">\n\n\t\t\t\t\t\t<div class=\"meta\">\n\t\t\t\t\t\n\t\t\t\t\t\t        \t\t\t\t\t\t\n\t\t\t\t<span class=\"entry-meta\">\n\t\t\t\t<a class=\"font-3 small category opacity entry-meta\" href=\"https:\/\/teviasa.com.ec\/index.php\/category\/noticias\/\">Noticias<\/a>\n\t\t\t\t<\/span>\n\t\t        \t\t    <\/div>\n\t\t\t\t\t    \t\t\t\t<a class=\"primary-hover\" title=\"Limpieza de Radios\" href=\"https:\/\/teviasa.com.ec\/index.php\/2020\/06\/06\/hello-world\/\"> <h4 class=\"item-title primary-hover \" > Limpieza de Radios<\/h4>\n\t\t\t\t<\/a>\n\t\t\t\t\t\t\t\t\t\t\t\n\t\t\t\t\t\t\t\t<div class=\"excerpt\"> \n\t\t\t\t\t<p>Motorola Solutions public\u00f3 pautas para la limpieza de radios de dos v\u00edas y accesorios a ra\u00edz de la pandemia de...<\/p>\t\t\t\t<\/div>\n\t\t\t\t\t\t\t\t\t\t<a class=\"btn btn-c1 btn-sm\" title=\"Limpieza de Radios\" href=\"https:\/\/teviasa.com.ec\/index.php\/2020\/06\/06\/hello-world\/\">Ver Noticia<\/a>\n\t\t\t\t\n\t\t\t<\/div>\t\n\t\t<\/article>\n\t\t\t\t\t \t\t<article class=\"item col-md-4 col-sm-6 \">\n\n\t\t\t\t\t<header class=\"entry-header\">\n\t\t\t\t\t\t\t\t\t<div class=\"thedate absolute top left\">\n\t\t\t\t\t\t\t\t\t\t\t\t<span class=\"date date-day text-dark font-2\">\n\t\t\t\t\t\t\t26\t\t\t\t\t\t<\/span>\n\n\t\t\t\t\t\t\t\t\t\t\t\t<span class=\"date date-month primary-color-bg text-light font-2\">\n\t\t\t\t\t\t\tAbr\t\t\t\t\t\t<\/span>\t\t\t\n\t\t\t\t\t<\/div>\n\t\t\t\t\t\t\t\t\t\t\t\t\t\t\t\t\t<a href=\"https:\/\/teviasa.com.ec\/index.php\/2017\/04\/26\/growing-a-green-business\/\" class=\"image-wrap overlay-none overlay-hover-none scale-zoomin\">\n\t\t\t\t\t\t<img width=\"750\" height=\"500\" src=\"https:\/\/teviasa.com.ec\/wp-content\/uploads\/2017\/04\/81697317_2878106372214050_2289165329080778752_o-750x500.jpg\" class=\"attachment-orion_carousel size-orion_carousel wp-post-image\" alt=\"\" loading=\"lazy\" \/>\t\t\t\t\t\t<div class=\"overlay\"><\/div>\n\t\t\t\t\t<\/a>\n\t\t\t\t\t\t\t\t\t\t\n\t\t\t<\/header>\n\t\t\t\t\n\t\t<div class=\"entry-content  \" style=\"background-color: transparent\">\n\n\t\t\t\t\t\t<div class=\"meta\">\n\t\t\t\t\t\n\t\t\t\t\t\t        \t\t\t\t\t\t\n\t\t\t\t<span class=\"entry-meta\">\n\t\t\t\t<a class=\"font-3 small category opacity entry-meta\" href=\"https:\/\/teviasa.com.ec\/index.php\/category\/noticias\/\">Noticias<\/a>\n\t\t\t\t<\/span>\n\t\t        \t\t    <\/div>\n\t\t\t\t\t    \t\t\t\t<a class=\"primary-hover\" title=\"Sistema de geolocalizaci\u00f3n\" href=\"https:\/\/teviasa.com.ec\/index.php\/2017\/04\/26\/growing-a-green-business\/\"> <h4 class=\"item-title primary-hover \" > Sistema de geolocalizaci\u00f3n<\/h4>\n\t\t\t\t<\/a>\n\t\t\t\t\t\t\t\t\t\t\t\n\t\t\t\t\t\t\t\t<div class=\"excerpt\"> \n\t\t\t\t\t<p>TRBOnet sistema de geolocalizaci\u00f3n GPS para monitoreo de flota y complemento de sistemas digitales TRBOnet. Quiere saber m\u00e1s, preg\u00fantenos como....<\/p>\t\t\t\t<\/div>\n\t\t\t\t\t\t\t\t\t\t<a class=\"btn btn-c1 btn-sm\" title=\"Sistema de geolocalizaci\u00f3n\" href=\"https:\/\/teviasa.com.ec\/index.php\/2017\/04\/26\/growing-a-green-business\/\">Ver Noticia<\/a>\n\t\t\t\t\n\t\t\t<\/div>\t\n\t\t<\/article>\n\t\t\t\t\t \t\t<article class=\"item col-md-4 col-sm-6 \">\n\n\t\t\t\t\t<header class=\"entry-header\">\n\t\t\t\t\t\t\t\t\t<div class=\"thedate absolute top left\">\n\t\t\t\t\t\t\t\t\t\t\t\t<span class=\"date date-day text-dark font-2\">\n\t\t\t\t\t\t\t26\t\t\t\t\t\t<\/span>\n\n\t\t\t\t\t\t\t\t\t\t\t\t<span class=\"date date-month primary-color-bg text-light font-2\">\n\t\t\t\t\t\t\tAbr\t\t\t\t\t\t<\/span>\t\t\t\n\t\t\t\t\t<\/div>\n\t\t\t\t\t\t\t\t\t\t\t\t\t\t\t\t\t<a href=\"https:\/\/teviasa.com.ec\/index.php\/2017\/04\/26\/earth-quote\/\" class=\"image-wrap overlay-none overlay-hover-none scale-zoomin\">\n\t\t\t\t\t\t<img width=\"750\" height=\"500\" src=\"https:\/\/teviasa.com.ec\/wp-content\/uploads\/2017\/04\/71693746_2646013765423313_1828821865188032512_n-750x500.jpg\" class=\"attachment-orion_carousel size-orion_carousel wp-post-image\" alt=\"\" loading=\"lazy\" \/>\t\t\t\t\t\t<div class=\"overlay\"><\/div>\n\t\t\t\t\t<\/a>\n\t\t\t\t\t\t\t\t\t\t\n\t\t\t<\/header>\n\t\t\t\t\n\t\t<div class=\"entry-content  \" style=\"background-color: transparent\">\n\n\t\t\t\t\t\t<div class=\"meta\">\n\t\t\t\t\t\n\t\t\t\t\t\t        \t\t\t\t\t\t\n\t\t\t\t<span class=\"entry-meta\">\n\t\t\t\t<a class=\"font-3 small category opacity entry-meta\" href=\"https:\/\/teviasa.com.ec\/index.php\/category\/noticias\/\">Noticias<\/a>\n\t\t\t\t<\/span>\n\t\t        \t\t    <\/div>\n\t\t\t\t\t    \t\t\t\t<a class=\"primary-hover\" title=\"XX OIL & POWER EXPO CONFERENCE\" href=\"https:\/\/teviasa.com.ec\/index.php\/2017\/04\/26\/earth-quote\/\"> <h4 class=\"item-title primary-hover \" > XX OIL & POWER EXPO CONFERENCE<\/h4>\n\t\t\t\t<\/a>\n\t\t\t\t\t\t\t\t\t\t\t\n\t\t\t\t\t\t\t\t<div class=\"excerpt\"> \n\t\t\t\t\t<p>V\u00edsitenos en la XX OIL &amp; POWER EXPO CONFERENCE...<\/p>\t\t\t\t<\/div>\n\t\t\t\t\t\t\t\t\t\t<a class=\"btn btn-c1 btn-sm\" title=\"XX OIL & POWER EXPO CONFERENCE\" href=\"https:\/\/teviasa.com.ec\/index.php\/2017\/04\/26\/earth-quote\/\">Ver Noticia<\/a>\n\t\t\t\t\n\t\t\t<\/div>\t\n\t\t<\/article>\n\t\t\t\t<\/div>\t<!-- wrapper -->\n<\/div>\t<!-- recent-post-carousel -->\n<\/div><\/div><\/div><\/div><div id=\"pgc-2364-1-2\"  class=\"panel-grid-cell panel-grid-cell-empty\" ><\/div><\/div><\/div><\/div>","protected":false},"excerpt":{"rendered":"<p>Nuestro blog<\/p>\n","protected":false},"author":1,"featured_media":0,"parent":0,"menu_order":0,"comment_status":"closed","ping_status":"closed","template":"template-page-builder.php","meta":[],"_links":{"self":[{"href":"https:\/\/teviasa.com.ec\/index.php\/wp-json\/wp\/v2\/pages\/2364"}],"collection":[{"href":"https:\/\/teviasa.com.ec\/index.php\/wp-json\/wp\/v2\/pages"}],"about":[{"href":"https:\/\/teviasa.com.ec\/index.php\/wp-json\/wp\/v2\/types\/page"}],"author":[{"embeddable":true,"href":"https:\/\/teviasa.com.ec\/index.php\/wp-json\/wp\/v2\/users\/1"}],"replies":[{"embeddable":true,"href":"https:\/\/teviasa.com.ec\/index.php\/wp-json\/wp\/v2\/comments?post=2364"}],"version-history":[{"count":8,"href":"https:\/\/teviasa.com.ec\/index.php\/wp-json\/wp\/v2\/pages\/2364\/revisions"}],"predecessor-version":[{"id":2824,"href":"https:\/\/teviasa.com.ec\/index.php\/wp-json\/wp\/v2\/pages\/2364\/revisions\/2824"}],"wp:attachment":[{"href":"https:\/\/teviasa.com.ec\/index.php\/wp-json\/wp\/v2\/media?parent=2364"}],"curies":[{"name":"wp","href":"https:\/\/api.w.org\/{rel}","templated":true}]}}