{"id":2265,"date":"2020-07-03T02:50:02","date_gmt":"2020-07-03T02:50:02","guid":{"rendered":"http:\/\/teviasa.com.ec\/?page_id=2265"},"modified":"2021-06-24T11:56:51","modified_gmt":"2021-06-24T16:56:51","slug":"ingenieria","status":"publish","type":"page","link":"https:\/\/teviasa.com.ec\/index.php\/ingenieria\/","title":{"rendered":"Ingenier\u00eda"},"content":{"rendered":"<div id=\"pl-2265\"  class=\"panel-layout\" ><div id=\"pg-2265-0\"  class=\"panel-grid panel-has-style\" ><div class=\"fixed-bg siteorigin-panels-stretch tablet-default mobile-1-in-row desktop-default full-width-on-small-devices panel-row-style panel-row-style-for-2265-0\" data-stretch-type=\"full\" ><div id=\"pgc-2265-0-0\"  class=\"panel-grid-cell panel-grid-cell-empty\" ><\/div><div id=\"pgc-2265-0-1\"  class=\"panel-grid-cell panel-grid-cell-mobile-last\" ><div class=\"overlay-c1 panel-cell-style panel-cell-style-for-2265-0-1\" ><div id=\"panel-2265-0-1-0\" class=\"so-panel widget widget_orion_heading_w panel-first-child\" data-index=\"0\" ><div class=\"orion mobile-text-center tablets-text-center default panel-widget-style panel-widget-style-for-2265-0-1-0\" ><div class=\"so-widget-orion_heading_w so-widget-orion_heading_w-base\">\n\t\n\t\t\n\t<div class=\"row orion-heading\" style=\"margin-bottom:0px;\">\n\t\t<div class=\"col-md-12  separator-style-2 text-center style-h5 style-text-light\">\n\t\t\t<h5 class=\"text-light\">\n\t\t\t\tTEVIASA\t\t\t<\/h5>\n\t\t<\/div>\n\t<\/div>\n\n\t<\/div><\/div><\/div><div id=\"panel-2265-0-1-1\" class=\"so-panel widget widget_sow-editor panel-last-child\" data-index=\"1\" ><div class=\"orion mobile-text-center tablets-text-center text-light panel-widget-style panel-widget-style-for-2265-0-1-1\" ><div class=\"so-widget-sow-editor so-widget-sow-editor-base\">\n<div class=\"siteorigin-widget-tinymce textwidget\">\n\t<h1 class=\"h2\" style=\"text-align: center;\">Ingenier\u00eda<\/h1>\n<\/div>\n<\/div><\/div><\/div><\/div><\/div><div id=\"pgc-2265-0-2\"  class=\"panel-grid-cell panel-grid-cell-empty\" ><\/div><\/div><\/div><div id=\"pg-2265-1\"  class=\"panel-grid panel-has-style\" ><div class=\"lsow-dark-bg tablet-default mobile-1-in-row desktop-default panel-row-style panel-row-style-for-2265-1\" ><div id=\"pgc-2265-1-0\"  class=\"panel-grid-cell\" ><div id=\"panel-2265-1-0-0\" class=\"so-panel widget widget_sow-editor panel-first-child panel-last-child\" data-index=\"2\" ><div class=\"orion text-light panel-widget-style panel-widget-style-for-2265-1-0-0\" ><div class=\"so-widget-sow-editor so-widget-sow-editor-base\">\n<div class=\"siteorigin-widget-tinymce textwidget\">\n\t<\/div>\n<\/div><\/div><\/div><\/div><\/div><\/div><div id=\"pg-2265-2\"  class=\"panel-grid panel-has-style\" ><div class=\"siteorigin-panels-stretch tablet-default mobile-1-in-row desktop-default panel-row-style panel-row-style-for-2265-2\" data-stretch-type=\"full\" ><div id=\"pgc-2265-2-0\"  class=\"panel-grid-cell\" ><div id=\"panel-2265-2-0-0\" class=\"so-panel widget widget_sow-editor panel-first-child\" data-index=\"3\" ><div class=\"orion default panel-widget-style panel-widget-style-for-2265-2-0-0\" ><div class=\"so-widget-sow-editor so-widget-sow-editor-base\">\n<div class=\"siteorigin-widget-tinymce textwidget\">\n\t<h2 style=\"text-align: center;\"><span style=\"color: #ffffff;\">Soluciones en Ingenier\u00eda<br \/>\n<\/span><\/h2>\n<h3 style=\"text-align: center;\"><span style=\"color: #ffffff;\">Dise\u00f1o, desarrollo e implementaci\u00f3n de proyectos de ingenier\u00eda, contamos con profesionales del campo ampliamente capacitados para el desarrollo y asesor\u00eda de soluciones en telecomunicaciones<br \/>\n<\/span><\/h3>\n<p>&nbsp;<\/p>\n<div class=\"career-text\">\n<p>&nbsp;<\/p>\n<\/div>\n<\/div>\n<\/div><\/div><\/div><div id=\"panel-2265-2-0-1\" class=\"so-panel widget widget_orion_custom_carousel_w\" data-index=\"4\" ><div class=\"orion default panel-widget-style panel-widget-style-for-2265-2-0-1\" style=\"border-radius:1px;\" ><div class=\"so-widget-orion_custom_carousel_w so-widget-orion_custom_carousel_w-base\">\n<ul class=\"carousel-navigation nav nav-tabs tabs-style-2 text-center text-default\">\n\t\t<li  class=\"active\"  ><a class=\"owl-nav-link font-2\" data-navid=\"ASESORADETELECOMUNICACIONES0\" href=\"#ASESORADETELECOMUNICACIONES0\">ASESOR\u00cdA DE TELECOMUNICACIONES<\/a><\/li>\n\t\n\t\t<li  ><a class=\"owl-nav-link font-2\" data-navid=\"CONCESINYRENOVACINDEFRECUENCIAS1\" href=\"#CONCESINYRENOVACINDEFRECUENCIAS1\">CONCESI\u00d3N Y RENOVACI\u00d3N DE FRECUENCIAS<\/a><\/li>\n\t\n\t\t<li  ><a class=\"owl-nav-link font-2\" data-navid=\"HOMOLOGACINDEEQUIPOS2\" href=\"#HOMOLOGACINDEEQUIPOS2\">HOMOLOGACI\u00d3N DE EQUIPOS<\/a><\/li>\n\t\n\t\t<li  ><a class=\"owl-nav-link font-2\" data-navid=\"IMPLEMENTACIONDEPROYECTOS3\" href=\"#IMPLEMENTACIONDEPROYECTOS3\">IMPLEMENTACION DE PROYECTOS <\/a><\/li>\n\t\n\t\t<li  ><a class=\"owl-nav-link font-2\" data-navid=\"LABORATORIOTCNICO4\" href=\"#LABORATORIOTCNICO4\">LABORATORIO T\u00c9CNICO<\/a><\/li>\n\t\n<\/ul>\n<div class=\"custom-carousel-wrap\">\n\t<div class=\"owl-carousel owl-theme\" data-col=\"1\" data-autoplay=\"false\" data-dots=\"false\" data-owlloop=\"false\" data-hashlisten=\"true\" data-slideby=\"1\">\n\n\t\t\t\t\t\t\t\n\t\t\t<div class=\"item  text-default\" data-hash=\"ASESORADETELECOMUNICACIONES0\">\n\n\t\t\t\t<div class=\"image\">\n\t\t\t\t\t\n\t\t\t\t\t<div class=\"absolute\" style=\"background-image: url(https:\/\/teviasa.com.ec\/wp-content\/uploads\/2020\/07\/Asesoria-Telecomunicaciones-750x495.jpg)\"><\/div>\n\t\t\t\t\t<img src=\"https:\/\/teviasa.com.ec\/wp-content\/uploads\/2020\/07\/Asesoria-Telecomunicaciones-750x495.jpg\" alt=\"ASESOR\u00cdA DE TELECOMUNICACIONES\" \/>\n\t\t\t\t\t\n\t\t\t\t<\/div>\n\t\t\t\t<div class=\"content\">\n\t\n\t\t\t\t\t\n\t\t\t\t\t<h3>ASESOR\u00cdA DE TELECOMUNICACIONES<\/h3>\n\n\t\t\t\t\t\t\n\n\t\t\t\t\t<div class=\"subtitle lead\"><\/div>\n\t\t\t\t\t<div class=\"description\">Asesor\u00eda especializada y personalizada a las necesidades del cliente en el dise\u00f1o de integraciones tecnol\u00f3gicas, sistemas de radiocomunicaciones, enlaces microonda, redes de datos y fibra \u00f3ptica.                                                                            \n<\/div>\n\n\t\t\t\t\t\t\n\t\t\n\t\t\t\t<\/div>\n\t\t\t<\/div>\n\t\t\t\t\t\n\t\t\t<div class=\"item  text-default\" data-hash=\"CONCESINYRENOVACINDEFRECUENCIAS1\">\n\n\t\t\t\t<div class=\"image\">\n\t\t\t\t\t\n\t\t\t\t\t<div class=\"absolute\" style=\"background-image: url(https:\/\/teviasa.com.ec\/wp-content\/uploads\/2020\/07\/Renovacion-de-Frecuencias-750x427.jpeg)\"><\/div>\n\t\t\t\t\t<img src=\"https:\/\/teviasa.com.ec\/wp-content\/uploads\/2020\/07\/Renovacion-de-Frecuencias-750x427.jpeg\" alt=\"CONCESI\u00d3N Y RENOVACI\u00d3N DE FRECUENCIAS\" \/>\n\t\t\t\t\t\n\t\t\t\t<\/div>\n\t\t\t\t<div class=\"content\">\n\t\n\t\t\t\t\t\n\t\t\t\t\t<h3>CONCESI\u00d3N Y RENOVACI\u00d3N DE FRECUENCIAS<\/h3>\n\n\t\t\t\t\t\t\n\n\t\t\t\t\t<div class=\"subtitle lead\"><\/div>\n\t\t\t\t\t<div class=\"description\">Estudios de ingenier\u00eda para tr\u00e1mites de concesi\u00f3n y renovaci\u00f3n de frecuencias ante la ARCOTEL.<\/div>\n\n\t\t\t\t\t\t\n\t\t\n\t\t\t\t<\/div>\n\t\t\t<\/div>\n\t\t\t\t\t\n\t\t\t<div class=\"item  text-default\" data-hash=\"HOMOLOGACINDEEQUIPOS2\">\n\n\t\t\t\t<div class=\"image\">\n\t\t\t\t\t\n\t\t\t\t\t<div class=\"absolute\" style=\"background-image: url(https:\/\/teviasa.com.ec\/wp-content\/uploads\/2020\/07\/homologaci\u00f3n-de-equipos.jpg)\"><\/div>\n\t\t\t\t\t<img src=\"https:\/\/teviasa.com.ec\/wp-content\/uploads\/2020\/07\/homologaci\u00f3n-de-equipos.jpg\" alt=\"HOMOLOGACI\u00d3N DE EQUIPOS\" \/>\n\t\t\t\t\t\n\t\t\t\t<\/div>\n\t\t\t\t<div class=\"content\">\n\t\n\t\t\t\t\t\n\t\t\t\t\t<h3>HOMOLOGACI\u00d3N DE EQUIPOS<\/h3>\n\n\t\t\t\t\t\t\n\n\t\t\t\t\t<div class=\"subtitle lead\"><\/div>\n\t\t\t\t\t<div class=\"description\">Realizamos la homologaci\u00f3n de equipamiento ante el ente regulador (ARCOTEL) para que certifique que cumple con las normativas t\u00e9cnicas para operar en una red de telecomunicaciones.<\/div>\n\n\t\t\t\t\t\t\n\t\t\n\t\t\t\t<\/div>\n\t\t\t<\/div>\n\t\t\t\t\t\n\t\t\t<div class=\"item  text-default\" data-hash=\"IMPLEMENTACIONDEPROYECTOS3\">\n\n\t\t\t\t<div class=\"image\">\n\t\t\t\t\t\n\t\t\t\t\t<div class=\"absolute\" style=\"background-image: url(https:\/\/teviasa.com.ec\/wp-content\/uploads\/2020\/07\/Implementacion-de-Proyectos-.jpg)\"><\/div>\n\t\t\t\t\t<img src=\"https:\/\/teviasa.com.ec\/wp-content\/uploads\/2020\/07\/Implementacion-de-Proyectos-.jpg\" alt=\"IMPLEMENTACION DE PROYECTOS \" \/>\n\t\t\t\t\t\n\t\t\t\t<\/div>\n\t\t\t\t<div class=\"content\">\n\t\n\t\t\t\t\t\n\t\t\t\t\t<h3>IMPLEMENTACION DE PROYECTOS <\/h3>\n\n\t\t\t\t\t\t\n\n\t\t\t\t\t<div class=\"subtitle lead\"><\/div>\n\t\t\t\t\t<div class=\"description\">Nos caracterizamos en realizar proyectos en telecomunicaciones bajo la modalidad \u201cLlave en Mano\u201d, tambi\u00e9n brindamos contratos a corto, mediano y largo plazo de servicios de mantenimiento preventivo y correctivo a sistemas de telecomunicaciones.\n<\/div>\n\n\t\t\t\t\t\t\n\t\t\n\t\t\t\t<\/div>\n\t\t\t<\/div>\n\t\t\t\t\t\n\t\t\t<div class=\"item  text-default\" data-hash=\"LABORATORIOTCNICO4\">\n\n\t\t\t\t<div class=\"image\">\n\t\t\t\t\t\n\t\t\t\t\t<div class=\"absolute\" style=\"background-image: url(https:\/\/teviasa.com.ec\/wp-content\/uploads\/2020\/07\/Laboratorio-T\u00e9cnico-600x500.jpg)\"><\/div>\n\t\t\t\t\t<img src=\"https:\/\/teviasa.com.ec\/wp-content\/uploads\/2020\/07\/Laboratorio-T\u00e9cnico-600x500.jpg\" alt=\"LABORATORIO T\u00c9CNICO\" \/>\n\t\t\t\t\t\n\t\t\t\t<\/div>\n\t\t\t\t<div class=\"content\">\n\t\n\t\t\t\t\t\n\t\t\t\t\t<h3>LABORATORIO T\u00c9CNICO<\/h3>\n\n\t\t\t\t\t\t\n\n\t\t\t\t\t<div class=\"subtitle lead\"><\/div>\n\t\t\t\t\t<div class=\"description\">Disponemos de servicio de Laboratorio T\u00e9cnico Especializado en la reparaci\u00f3n, mantenimiento, diagn\u00f3stico y calibraci\u00f3n de equipos de radiocomunicaciones, asi como la venta de repuestos, accesorios y partes originales MOTOROLA. \n<\/div>\n\n\t\t\t\t\t\t\n\t\t\n\t\t\t\t<\/div>\n\t\t\t<\/div>\n\t\t\t<\/div>\n<\/div><\/div><\/div><\/div><div id=\"panel-2265-2-0-2\" class=\"so-panel widget widget_sow-editor panel-last-child\" data-index=\"5\" ><div class=\"orion text-light panel-widget-style panel-widget-style-for-2265-2-0-2\" ><div class=\"so-widget-sow-editor so-widget-sow-editor-base\">\n<div class=\"siteorigin-widget-tinymce textwidget\">\n\t<\/div>\n<\/div><\/div><\/div><\/div><\/div><\/div><\/div>","protected":false},"excerpt":{"rendered":"<p>Lorem ipsum dolor sit amet, consectetuer. Proin gravida nibh vel velit auctor aliquet. Aenean sollicitudin, lorem quis bibendum auctor, nisi elit consequat ipsum.<\/p>\n","protected":false},"author":1,"featured_media":0,"parent":0,"menu_order":0,"comment_status":"closed","ping_status":"closed","template":"","meta":[],"_links":{"self":[{"href":"https:\/\/teviasa.com.ec\/index.php\/wp-json\/wp\/v2\/pages\/2265"}],"collection":[{"href":"https:\/\/teviasa.com.ec\/index.php\/wp-json\/wp\/v2\/pages"}],"about":[{"href":"https:\/\/teviasa.com.ec\/index.php\/wp-json\/wp\/v2\/types\/page"}],"author":[{"embeddable":true,"href":"https:\/\/teviasa.com.ec\/index.php\/wp-json\/wp\/v2\/users\/1"}],"replies":[{"embeddable":true,"href":"https:\/\/teviasa.com.ec\/index.php\/wp-json\/wp\/v2\/comments?post=2265"}],"version-history":[{"count":12,"href":"https:\/\/teviasa.com.ec\/index.php\/wp-json\/wp\/v2\/pages\/2265\/revisions"}],"predecessor-version":[{"id":2856,"href":"https:\/\/teviasa.com.ec\/index.php\/wp-json\/wp\/v2\/pages\/2265\/revisions\/2856"}],"wp:attachment":[{"href":"https:\/\/teviasa.com.ec\/index.php\/wp-json\/wp\/v2\/media?parent=2265"}],"curies":[{"name":"wp","href":"https:\/\/api.w.org\/{rel}","templated":true}]}}