{"id":2219,"date":"2020-07-03T00:26:48","date_gmt":"2020-07-03T00:26:48","guid":{"rendered":"http:\/\/teviasa.com.ec\/?page_id=2219"},"modified":"2020-08-26T04:49:41","modified_gmt":"2020-08-26T04:49:41","slug":"infraestructura","status":"publish","type":"page","link":"https:\/\/teviasa.com.ec\/index.php\/infraestructura\/","title":{"rendered":"Infraestructura"},"content":{"rendered":"<div id=\"pl-2219\"  class=\"panel-layout\" ><div id=\"pg-2219-0\"  class=\"panel-grid panel-has-style\" ><div class=\"fixed-bg siteorigin-panels-stretch tablet-default mobile-1-in-row desktop-default full-width-on-small-devices panel-row-style panel-row-style-for-2219-0\" data-stretch-type=\"full\" ><div id=\"pgc-2219-0-0\"  class=\"panel-grid-cell panel-grid-cell-empty\" ><\/div><div id=\"pgc-2219-0-1\"  class=\"panel-grid-cell panel-grid-cell-mobile-last\" ><div class=\"overlay-c1 panel-cell-style panel-cell-style-for-2219-0-1\" ><div id=\"panel-2219-0-1-0\" class=\"so-panel widget widget_orion_heading_w panel-first-child\" data-index=\"0\" ><div class=\"orion mobile-text-center tablets-text-center default panel-widget-style panel-widget-style-for-2219-0-1-0\" ><div class=\"so-widget-orion_heading_w so-widget-orion_heading_w-base\">\n\t\n\t\t\n\t<div class=\"row orion-heading\" style=\"margin-bottom:0px;\">\n\t\t<div class=\"col-md-12  separator-style-2 text-center style-h5 style-text-light\">\n\t\t\t<h5 class=\"text-light\">\n\t\t\t\tTEVIASA\t\t\t<\/h5>\n\t\t<\/div>\n\t<\/div>\n\n\t<\/div><\/div><\/div><div id=\"panel-2219-0-1-1\" class=\"so-panel widget widget_sow-editor panel-last-child\" data-index=\"1\" ><div class=\"orion mobile-text-center tablets-text-center text-light panel-widget-style panel-widget-style-for-2219-0-1-1\" ><div class=\"so-widget-sow-editor so-widget-sow-editor-base\">\n<div class=\"siteorigin-widget-tinymce textwidget\">\n\t<h1 class=\"h2\" style=\"text-align: center;\">Infraestructura<\/h1>\n<\/div>\n<\/div><\/div><\/div><\/div><\/div><div id=\"pgc-2219-0-2\"  class=\"panel-grid-cell panel-grid-cell-empty\" ><\/div><\/div><\/div><div id=\"pg-2219-1\"  class=\"panel-grid panel-has-style\" ><div class=\"siteorigin-panels-stretch tablet-default mobile-1-in-row desktop-default panel-row-style panel-row-style-for-2219-1\" data-stretch-type=\"full\" ><div id=\"pgc-2219-1-0\"  class=\"panel-grid-cell\" ><div id=\"panel-2219-1-0-0\" class=\"so-panel widget widget_sow-editor panel-first-child\" data-index=\"2\" ><div class=\"orion default panel-widget-style panel-widget-style-for-2219-1-0-0\" ><div class=\"so-widget-sow-editor so-widget-sow-editor-base\">\n<div class=\"siteorigin-widget-tinymce textwidget\">\n\t<h2 style=\"text-align: center;\"><span style=\"color: #ffffff;\">Soluciones en Infraestructura<br \/>\n<\/span><\/h2>\n<h3 style=\"text-align: center;\"><span style=\"color: #ffffff;\">Somos especialistas en redes, estructuras y telecomunicaciones, podemos ofrecerle las soluciones m\u00e1s avanzadas del mercado para integrar y simplificar la gesti\u00f3n de sus redes y comunicaciones.<br \/>\n<\/span><\/h3>\n<\/div>\n<\/div><\/div><\/div><div id=\"panel-2219-1-0-1\" class=\"so-panel widget widget_orion_custom_carousel_w panel-last-child\" data-index=\"3\" ><div class=\"orion default panel-widget-style panel-widget-style-for-2219-1-0-1\" style=\"border-radius:1px;\" ><div class=\"so-widget-orion_custom_carousel_w so-widget-orion_custom_carousel_w-base\">\n<ul class=\"carousel-navigation nav nav-tabs tabs-style-2 text-center text-default\">\n\t\t<li  class=\"active\"  ><a class=\"owl-nav-link font-2\" data-navid=\"GABINETESampRACKSDETELECOMUNICACIONES0\" href=\"#GABINETESampRACKSDETELECOMUNICACIONES0\">GABINETES &amp; RACKS DE TELECOMUNICACIONES<\/a><\/li>\n\t\n\t\t<li  ><a class=\"owl-nav-link font-2\" data-navid=\"RENTADEINFRAESTRUCTURA1\" href=\"#RENTADEINFRAESTRUCTURA1\">RENTA DE INFRAESTRUCTURA<\/a><\/li>\n\t\n\t\t<li  ><a class=\"owl-nav-link font-2\" data-navid=\"SISTEMASDEATERRIZAMIENTO2\" href=\"#SISTEMASDEATERRIZAMIENTO2\">SISTEMAS DE ATERRIZAMIENTO<\/a><\/li>\n\t\n\t\t<li  ><a class=\"owl-nav-link font-2\" data-navid=\"SISTEMASDEPARARRAYOS3\" href=\"#SISTEMASDEPARARRAYOS3\">SISTEMAS DE PARARRAYOS<\/a><\/li>\n\t\n\t\t<li  ><a class=\"owl-nav-link font-2\" data-navid=\"TORRESDETELECOMUNICACIONES4\" href=\"#TORRESDETELECOMUNICACIONES4\">TORRES DE TELECOMUNICACIONES<\/a><\/li>\n\t\n<\/ul>\n<div class=\"custom-carousel-wrap\">\n\t<div class=\"owl-carousel owl-theme\" data-col=\"1\" data-autoplay=\"false\" data-dots=\"false\" data-owlloop=\"false\" data-hashlisten=\"true\" data-slideby=\"1\">\n\n\t\t\t\t\t\t\t\n\t\t\t<div class=\"item  text-default\" data-hash=\"GABINETESampRACKSDETELECOMUNICACIONES0\">\n\n\t\t\t\t<div class=\"image\">\n\t\t\t\t\t\n\t\t\t\t\t<div class=\"absolute\" style=\"background-image: url(https:\/\/teviasa.com.ec\/wp-content\/uploads\/2020\/07\/Gabinetes-Racks-de-Telecomunicaciones-750x500.jpg)\"><\/div>\n\t\t\t\t\t<img src=\"https:\/\/teviasa.com.ec\/wp-content\/uploads\/2020\/07\/Gabinetes-Racks-de-Telecomunicaciones-750x500.jpg\" alt=\"GABINETES &amp; RACKS DE TELECOMUNICACIONES\" \/>\n\t\t\t\t\t\n\t\t\t\t<\/div>\n\t\t\t\t<div class=\"content\">\n\t\n\t\t\t\t\t\n\t\t\t\t\t<h3>GABINETES &amp; RACKS DE TELECOMUNICACIONES<\/h3>\n\n\t\t\t\t\t\t\n\n\t\t\t\t\t<div class=\"subtitle lead\"><\/div>\n\t\t\t\t\t<div class=\"description\">Realizamos el dise\u00f1o y fabricaci\u00f3n de gabinetes externos e internos para almacenar equipos de telecomunicaci\u00f3n. Su construcci\u00f3n esta adecuada para preservar la temperatura adecuada y evitar sobrecalentamiento en los equipos, a la vez que brinda la seguridad f\u00edsica para evitar fuga de informaci\u00f3n o da\u00f1os por personas no autorizadas.<\/div>\n\n\t\t\t\t\t\t\n\t\t\n\t\t\t\t<\/div>\n\t\t\t<\/div>\n\t\t\t\t\t\n\t\t\t<div class=\"item  text-default\" data-hash=\"RENTADEINFRAESTRUCTURA1\">\n\n\t\t\t\t<div class=\"image\">\n\t\t\t\t\t\n\t\t\t\t\t<div class=\"absolute\" style=\"background-image: url(https:\/\/teviasa.com.ec\/wp-content\/uploads\/2020\/07\/Renta-de-Infraestructura-750x500.jpg)\"><\/div>\n\t\t\t\t\t<img src=\"https:\/\/teviasa.com.ec\/wp-content\/uploads\/2020\/07\/Renta-de-Infraestructura-750x500.jpg\" alt=\"RENTA DE INFRAESTRUCTURA\" \/>\n\t\t\t\t\t\n\t\t\t\t<\/div>\n\t\t\t\t<div class=\"content\">\n\t\n\t\t\t\t\t\n\t\t\t\t\t<h3>RENTA DE INFRAESTRUCTURA<\/h3>\n\n\t\t\t\t\t\t\n\n\t\t\t\t\t<div class=\"subtitle lead\"><\/div>\n\t\t\t\t\t<div class=\"description\">Proveemos la infraestructura necesaria para almacenar equipos de radiocomunicaci\u00f3n, radioenlaces con altos \u00edndices de disponibilidad y seguridad. Tambi\u00e9n disponemos de soluciones que se adapten a las necesidades de su giro de negocio.<\/div>\n\n\t\t\t\t\t\t\n\t\t\n\t\t\t\t<\/div>\n\t\t\t<\/div>\n\t\t\t\t\t\n\t\t\t<div class=\"item  text-default\" data-hash=\"SISTEMASDEATERRIZAMIENTO2\">\n\n\t\t\t\t<div class=\"image\">\n\t\t\t\t\t\n\t\t\t\t\t<div class=\"absolute\" style=\"background-image: url(https:\/\/teviasa.com.ec\/wp-content\/uploads\/2020\/07\/Sistema-de-Tierra--750x500.jpg)\"><\/div>\n\t\t\t\t\t<img src=\"https:\/\/teviasa.com.ec\/wp-content\/uploads\/2020\/07\/Sistema-de-Tierra--750x500.jpg\" alt=\"SISTEMAS DE ATERRIZAMIENTO\" \/>\n\t\t\t\t\t\n\t\t\t\t<\/div>\n\t\t\t\t<div class=\"content\">\n\t\n\t\t\t\t\t\n\t\t\t\t\t<h3>SISTEMAS DE ATERRIZAMIENTO<\/h3>\n\n\t\t\t\t\t\t\n\n\t\t\t\t\t<div class=\"subtitle lead\"><\/div>\n\t\t\t\t\t<div class=\"description\">Es un mecanismo de seguridad que forma parte de las instalaciones el\u00e9ctricas y permite conducir eventuales desv\u00edos de la corriente hacia la tierra, impidiendo que el personal entre en contacto con la electricidad.<\/div>\n\n\t\t\t\t\t\t\n\t\t\n\t\t\t\t<\/div>\n\t\t\t<\/div>\n\t\t\t\t\t\n\t\t\t<div class=\"item  text-default\" data-hash=\"SISTEMASDEPARARRAYOS3\">\n\n\t\t\t\t<div class=\"image\">\n\t\t\t\t\t\n\t\t\t\t\t<div class=\"absolute\" style=\"background-image: url(https:\/\/teviasa.com.ec\/wp-content\/uploads\/2020\/07\/Sistemas-de-Pararrayos-750x500.jpg)\"><\/div>\n\t\t\t\t\t<img src=\"https:\/\/teviasa.com.ec\/wp-content\/uploads\/2020\/07\/Sistemas-de-Pararrayos-750x500.jpg\" alt=\"SISTEMAS DE PARARRAYOS\" \/>\n\t\t\t\t\t\n\t\t\t\t<\/div>\n\t\t\t\t<div class=\"content\">\n\t\n\t\t\t\t\t\n\t\t\t\t\t<h3>SISTEMAS DE PARARRAYOS<\/h3>\n\n\t\t\t\t\t\t\n\n\t\t\t\t\t<div class=\"subtitle lead\"><\/div>\n\t\t\t\t\t<div class=\"description\">Es un sistema de protecci\u00f3n y su funcionalidad se ejecuta cuando cae un rayo en la estructura encarg\u00e1ndose de conducir y disipar la energ\u00eda del rayo hasta la toma de tierra.<\/div>\n\n\t\t\t\t\t\t\n\t\t\n\t\t\t\t<\/div>\n\t\t\t<\/div>\n\t\t\t\t\t\n\t\t\t<div class=\"item  text-default\" data-hash=\"TORRESDETELECOMUNICACIONES4\">\n\n\t\t\t\t<div class=\"image\">\n\t\t\t\t\t\n\t\t\t\t\t<div class=\"absolute\" style=\"background-image: url(https:\/\/teviasa.com.ec\/wp-content\/uploads\/2020\/07\/torre2-1-750x500.jpg)\"><\/div>\n\t\t\t\t\t<img src=\"https:\/\/teviasa.com.ec\/wp-content\/uploads\/2020\/07\/torre2-1-750x500.jpg\" alt=\"TORRES DE TELECOMUNICACIONES\" \/>\n\t\t\t\t\t\n\t\t\t\t<\/div>\n\t\t\t\t<div class=\"content\">\n\t\n\t\t\t\t\t\n\t\t\t\t\t<h3>TORRES DE TELECOMUNICACIONES<\/h3>\n\n\t\t\t\t\t\t\n\n\t\t\t\t\t<div class=\"subtitle lead\"><\/div>\n\t\t\t\t\t<div class=\"description\">Nuestro personal especializado desarrolla proyectos de construcciones, implementaci\u00f3n y mantenimientos preventivo &amp; correctivo de torres de telecomunicaciones, bajo est\u00e1ndares y normas de la industria.<\/div>\n\n\t\t\t\t\t\t\n\t\t\n\t\t\t\t<\/div>\n\t\t\t<\/div>\n\t\t\t<\/div>\n<\/div><\/div><\/div><\/div><\/div><\/div><\/div><div id=\"pg-2219-2\"  class=\"panel-grid panel-has-style\" ><div class=\"siteorigin-panels-stretch tablet-default mobile-1-in-row desktop-default panel-row-style panel-row-style-for-2219-2\" data-stretch-type=\"full-stretched-padded\" ><div id=\"pgc-2219-2-0\"  class=\"panel-grid-cell\" ><div id=\"panel-2219-2-0-0\" class=\"so-panel widget widget_sow-editor panel-first-child panel-last-child\" data-index=\"4\" ><div class=\"orion default panel-widget-style panel-widget-style-for-2219-2-0-0\" ><div class=\"so-widget-sow-editor so-widget-sow-editor-base\">\n<div class=\"siteorigin-widget-tinymce textwidget\">\n\t<hr \/>\n<p>&nbsp;<\/p>\n<\/div>\n<\/div><\/div><\/div><\/div><\/div><\/div><div id=\"pg-2219-3\"  class=\"panel-grid panel-has-style\" ><div class=\"siteorigin-panels-stretch orion-separator top-svg-4 top-svg-outside tablet-default mobile-1-in-row desktop-default panel-row-style panel-row-style-for-2219-3\" data-stretch-type=\"full\" data-svg-top-color=\"#ffffff\" ><div id=\"pgc-2219-3-0\"  class=\"panel-grid-cell\" ><div id=\"panel-2219-3-0-0\" class=\"so-panel widget widget_orion_empty_space_w panel-first-child\" data-index=\"5\" ><div class=\"orion default panel-widget-style panel-widget-style-for-2219-3-0-0\" ><div class=\"so-widget-orion_empty_space_w so-widget-orion_empty_space_w-base\">\t<div class=\"row empty-space  visible-lg visible-md visible-sm visible-xs\" style=\"height:31px;\">\n\t<\/div><\/div><\/div><\/div><div id=\"panel-2219-3-0-1\" class=\"so-panel widget widget_orion_heading_w\" data-index=\"6\" ><div class=\"orion mobile-text-center default panel-widget-style panel-widget-style-for-2219-3-0-1\" ><div class=\"so-widget-orion_heading_w so-widget-orion_heading_w-base\">\n\t\n\t\t\n\t<div class=\"row orion-heading\" style=\"margin-bottom:0px;\">\n\t\t<div class=\"col-md-12   text-center style-h2 style-text-dark\">\n\t\t\t<h2 class=\"text-dark text-uppercase\">\n\t\t\t\t<strong>Nuestros Partners<\/strong>\t\t\t<\/h2>\n\t\t<\/div>\n\t<\/div>\n\n\t<\/div><\/div><\/div><div id=\"panel-2219-3-0-2\" class=\"so-panel widget widget_sow-editor\" data-index=\"7\" ><div class=\"orion text-light panel-widget-style panel-widget-style-for-2219-3-0-2\" ><div class=\"so-widget-sow-editor so-widget-sow-editor-base\">\n<div class=\"siteorigin-widget-tinymce textwidget\">\n\t<\/div>\n<\/div><\/div><\/div><div id=\"panel-2219-3-0-3\" class=\"so-panel widget widget_orion_logos_w\" data-index=\"8\" ><div class=\"orion default panel-widget-style panel-widget-style-for-2219-3-0-3\" ><div class=\"so-widget-orion_logos_w so-widget-orion_logos_w-base\"><div class=\"row logo-w-wrap\">\n\t\t\t\t<div class=\"relative clearfix\">\n\t\t<div class=\"logos-wrap col-md-12 carousel owl-carousel owl-theme\" data-col=3 data-autoplay=true data-autoplaytimeout=2053 >\n\t\t\n\t\t\t\t\t\t\t\t<div class=\"cell-wrap\" style=\"padding-bottom: 208px;border-color:rgba(0,0,0,.1);\">\n\t\t\t\t\t\t\t\t\t<span class=\"logo\" data-imgsize=90 data-imghoversize=100>\n\t\t\t\t\t\t<img src=\"https:\/\/teviasa.com.ec\/wp-content\/uploads\/2020\/07\/parreslogo.jpg\" alt=\"Logo 1\">\n\t\t\t\t\t<\/span>\n\t\t\t\t\t\t\t<\/div>\t\t\t\n\t\t\t\t\t\t\t\t<div class=\"cell-wrap\" style=\"padding-bottom: 208px;border-color:rgba(0,0,0,.1);\">\n\t\t\t\t\t\t\t\t\t<span class=\"logo\" data-imgsize=90 data-imghoversize=100>\n\t\t\t\t\t\t<img src=\"https:\/\/teviasa.com.ec\/wp-content\/uploads\/2020\/07\/frace.jpg\" alt=\"Logo 2\">\n\t\t\t\t\t<\/span>\n\t\t\t\t\t\t\t<\/div>\t\t\t\n\t\t\t\t\t\t\t\t<div class=\"cell-wrap\" style=\"padding-bottom: 208px;border-color:rgba(0,0,0,.1);\">\n\t\t\t\t\t\t\t\t\t<span class=\"logo\" data-imgsize=90 data-imghoversize=100>\n\t\t\t\t\t\t<img src=\"https:\/\/teviasa.com.ec\/wp-content\/uploads\/2020\/07\/commscope.jpg\" alt=\"Logo 3\">\n\t\t\t\t\t<\/span>\n\t\t\t\t\t\t\t<\/div>\t\t\t\n\t\t\t\n\t\t\t\t\t\n\t<\/div>\n\t\t\t<div class=\"nav-controll arrows-aside\">\n\t\t\t<div class=\"owl-nav aside text-default\">\n\t\t\t\t<a class=\"btn btn-sm btn-empty owlprev icon\" ><i class=\"orionicon orionicon-arrow_carrot-left\"><\/i><\/a>\n\t\t\t\t<a class=\"btn btn-sm btn-empty owlnext icon\" ><i class=\"orionicon orionicon-arrow_carrot-right\"><\/i><\/a>\n\t\t\t<\/div>\n\t\t<\/div>\n\t<\/div>\n\t<\/div><\/div><\/div><\/div><div id=\"panel-2219-3-0-4\" class=\"so-panel widget widget_orion_empty_space_w panel-last-child\" data-index=\"9\" ><div class=\"orion default panel-widget-style panel-widget-style-for-2219-3-0-4\" ><div class=\"so-widget-orion_empty_space_w so-widget-orion_empty_space_w-base\">\t<div class=\"row empty-space  visible-lg visible-md visible-sm visible-xs\" style=\"height:31px;\">\n\t<\/div><\/div><\/div><\/div><\/div><\/div><\/div><\/div>","protected":false},"excerpt":{"rendered":"<p>Lorem ipsum dolor sit amet, consectetuer. Proin gravida nibh vel velit auctor aliquet. Aenean sollicitudin, lorem quis bibendum auctor, nisi elit consequat ipsum.<\/p>\n","protected":false},"author":1,"featured_media":0,"parent":0,"menu_order":0,"comment_status":"closed","ping_status":"closed","template":"","meta":[],"_links":{"self":[{"href":"https:\/\/teviasa.com.ec\/index.php\/wp-json\/wp\/v2\/pages\/2219"}],"collection":[{"href":"https:\/\/teviasa.com.ec\/index.php\/wp-json\/wp\/v2\/pages"}],"about":[{"href":"https:\/\/teviasa.com.ec\/index.php\/wp-json\/wp\/v2\/types\/page"}],"author":[{"embeddable":true,"href":"https:\/\/teviasa.com.ec\/index.php\/wp-json\/wp\/v2\/users\/1"}],"replies":[{"embeddable":true,"href":"https:\/\/teviasa.com.ec\/index.php\/wp-json\/wp\/v2\/comments?post=2219"}],"version-history":[{"count":32,"href":"https:\/\/teviasa.com.ec\/index.php\/wp-json\/wp\/v2\/pages\/2219\/revisions"}],"predecessor-version":[{"id":2709,"href":"https:\/\/teviasa.com.ec\/index.php\/wp-json\/wp\/v2\/pages\/2219\/revisions\/2709"}],"wp:attachment":[{"href":"https:\/\/teviasa.com.ec\/index.php\/wp-json\/wp\/v2\/media?parent=2219"}],"curies":[{"name":"wp","href":"https:\/\/api.w.org\/{rel}","templated":true}]}}