{"id":180,"date":"2016-12-14T16:37:00","date_gmt":"2016-12-14T16:37:00","guid":{"rendered":"http:\/\/recycle.orionthemes.com\/demo-1\/?page_id=180"},"modified":"2020-08-19T19:15:21","modified_gmt":"2020-08-19T19:15:21","slug":"telecomunicaciones","status":"publish","type":"page","link":"https:\/\/teviasa.com.ec\/index.php\/telecomunicaciones\/","title":{"rendered":"Telecomunicaciones"},"content":{"rendered":"<div id=\"pl-180\"  class=\"panel-layout\" ><div id=\"pg-180-0\"  class=\"panel-grid panel-has-style\" ><div class=\"siteorigin-panels-stretch tablet-default mobile-1-in-row desktop-default full-width-on-small-devices panel-row-style panel-row-style-for-180-0\" style=\"background-position: center center; background-repeat: no-repeat; background-size:cover;\" data-stretch-type=\"full\" ><div id=\"pgc-180-0-0\"  class=\"panel-grid-cell panel-grid-cell-empty\" ><\/div><div id=\"pgc-180-0-1\"  class=\"panel-grid-cell panel-grid-cell-mobile-last\" ><div class=\"overlay-c1 panel-cell-style panel-cell-style-for-180-0-1\" ><div id=\"panel-180-0-1-0\" class=\"so-panel widget widget_orion_heading_w panel-first-child\" data-index=\"0\" ><div class=\"orion mobile-text-center tablets-text-center default panel-widget-style panel-widget-style-for-180-0-1-0\" ><div class=\"so-widget-orion_heading_w so-widget-orion_heading_w-base\">\n\t\n\t\t\n\t<div class=\"row orion-heading\" style=\"margin-bottom:0px;\">\n\t\t<div class=\"col-md-12  separator-style-2 text-center style-h5 style-text-light\">\n\t\t\t<h5 class=\"text-light\">\n\t\t\t\tTEVIASA\t\t\t<\/h5>\n\t\t<\/div>\n\t<\/div>\n\n\t<\/div><\/div><\/div><div id=\"panel-180-0-1-1\" class=\"so-panel widget widget_sow-editor panel-last-child\" data-index=\"1\" ><div class=\"orion mobile-text-center tablets-text-center text-light panel-widget-style panel-widget-style-for-180-0-1-1\" ><div class=\"so-widget-sow-editor so-widget-sow-editor-base\">\n<div class=\"siteorigin-widget-tinymce textwidget\">\n\t<h1 class=\"h2\" style=\"text-align: center;\">Telecomunicaciones<\/h1>\n<\/div>\n<\/div><\/div><\/div><\/div><\/div><div id=\"pgc-180-0-2\"  class=\"panel-grid-cell panel-grid-cell-empty\" ><\/div><\/div><\/div><div id=\"pg-180-1\"  class=\"panel-grid panel-has-style\" ><div class=\"siteorigin-panels-stretch tablet-default mobile-1-in-row desktop-default overlay-c1 panel-row-style panel-row-style-for-180-1\" style=\"background-position: center center; background-repeat: no-repeat; background-size:cover;\" data-stretch-type=\"full\" ><div id=\"pgc-180-1-0\"  class=\"panel-grid-cell\" ><div id=\"panel-180-1-0-0\" class=\"so-panel widget widget_orion_heading_w panel-first-child\" data-index=\"2\" ><div class=\"orion mobile-text-center default panel-widget-style panel-widget-style-for-180-1-0-0\" ><div class=\"so-widget-orion_heading_w so-widget-orion_heading_w-base\">\n\t\n\t\t\n\t<div class=\"row orion-heading\" style=\"margin-bottom:0px;\">\n\t\t<div class=\"col-md-12   text-center style-h2 style-text-light\">\n\t\t\t<h2 class=\"text-light text-uppercase\">\n\t\t\t\t<strong>Soluciones en telecomunicaciones<\/strong>\t\t\t<\/h2>\n\t\t<\/div>\n\t<\/div>\n\n\t<\/div><\/div><\/div><div id=\"panel-180-1-0-1\" class=\"so-panel widget widget_orion_custom_carousel_w panel-last-child\" data-index=\"3\" ><div class=\"orion default panel-widget-style panel-widget-style-for-180-1-0-1\" ><div class=\"so-widget-orion_custom_carousel_w so-widget-orion_custom_carousel_w-base\">\n<ul class=\"carousel-navigation nav nav-tabs tabs-style-2 text-center text-default\">\n\t\t<li  class=\"active\"  ><a class=\"owl-nav-link font-2\" data-navid=\"ENLACESMICROONDA0\" href=\"#ENLACESMICROONDA0\">ENLACES MICROONDA<\/a><\/li>\n\t\n\t\t<li  ><a class=\"owl-nav-link font-2\" data-navid=\"FIBRAPTICA1\" href=\"#FIBRAPTICA1\">FIBRA \u00d3PTICA<\/a><\/li>\n\t\n\t\t<li  ><a class=\"owl-nav-link font-2\" data-navid=\"REDDEDATOS2\" href=\"#REDDEDATOS2\">RED DE DATOS<\/a><\/li>\n\t\n<\/ul>\n<div class=\"custom-carousel-wrap\">\n\t<div class=\"owl-carousel owl-theme\" data-col=\"1\" data-autoplay=\"true\" data-dots=\"false\" data-owlloop=\"false\" data-hashlisten=\"true\" data-slideby=\"1\">\n\n\t\t\t\t\t\t\t\n\t\t\t<div class=\"item  text-default\" data-hash=\"ENLACESMICROONDA0\">\n\n\t\t\t\t<div class=\"image\">\n\t\t\t\t\t\n\t\t\t\t\t<div class=\"absolute\" style=\"background-image: url(https:\/\/teviasa.com.ec\/wp-content\/uploads\/2020\/07\/Ciudades.jpg)\"><\/div>\n\t\t\t\t\t<img src=\"https:\/\/teviasa.com.ec\/wp-content\/uploads\/2020\/07\/Ciudades.jpg\" alt=\"ENLACE MICROONDA\" \/>\n\t\t\t\t\t\n\t\t\t\t<\/div>\n\t\t\t\t<div class=\"content\">\n\t\n\t\t\t\t\t\t\t\t\t\t<a href=\"#\">\n\t\t\t\t\t\n\t\t\t\t\t<h3>ENLACE MICROONDA<\/h3>\n\n\t\t\t\t\t\t\t\t\t\t<\/a>\n\t\t\t\t\t\t\n\n\t\t\t\t\t<div class=\"subtitle lead\">Soluciones en microonda<\/div>\n\t\t\t\t\t<div class=\"description\">Posibilidad de Conectar los datos que maneja en su sitio de trabajo con otros lugar o departamentos al interior de su Empresa.  De igual forma previo un estudio de factibilidad, la posibilidad de conectar los datos de su Empresa matriz con sucursales en la misma ciudad o en diferentes ciudades alrededor del territorio ecuatoriano con uso de bandas de frecuencia libre o licenciadas.  Nuestros servicios son: <\/div>\n\n\t\t\t\t\t\t\t\t\t\t<a href=\"#\" class=\"btn btn-c1 btn-wire btn-sm\"> \n\t\t\t\t\t\tVER CAT\u00c1LOGO DE PRODUCTOS \n\t\t\t\t\t<\/a>\t\n\t\t\t\t\t\t\n\t\t\n\t\t\t\t<\/div>\n\t\t\t<\/div>\n\t\t\t\t\t\n\t\t\t<div class=\"item  text-default\" data-hash=\"FIBRAPTICA1\">\n\n\t\t\t\t<div class=\"image\">\n\t\t\t\t\t\n\t\t\t\t\t<div class=\"absolute\" style=\"background-image: url(https:\/\/teviasa.com.ec\/wp-content\/uploads\/2020\/07\/Fibra-2.png)\"><\/div>\n\t\t\t\t\t<img src=\"https:\/\/teviasa.com.ec\/wp-content\/uploads\/2020\/07\/Fibra-2.png\" alt=\"FIBRA \u00d3PTICA\" \/>\n\t\t\t\t\t\n\t\t\t\t<\/div>\n\t\t\t\t<div class=\"content\">\n\t\n\t\t\t\t\t\t\t\t\t\t<a href=\"#\">\n\t\t\t\t\t\n\t\t\t\t\t<h3>FIBRA \u00d3PTICA<\/h3>\n\n\t\t\t\t\t\t\t\t\t\t<\/a>\n\t\t\t\t\t\t\n\n\t\t\t\t\t<div class=\"subtitle lead\">Soluciones de fibra \u00f3ptica<\/div>\n\t\t\t\t\t<div class=\"description\">La fibra \u00f3ptica es un medio f\u00edsico de transmisi\u00f3n de informaci\u00f3n, usual en redes de datos y telecomunicaciones, que consiste en un filamento delgado de vidrio o de pl\u00e1stico, a trav\u00e9s del cual viajan pulsos de luz l\u00e1ser o led, en la cual se contienen los datos a transmitir.\n\n\n<\/div>\n\n\t\t\t\t\t\t\t\t\t\t<a href=\"#\" class=\"btn btn-c1 btn-wire btn-sm\"> \n\t\t\t\t\t\tVER CAT\u00c1LOGO DE PRODUCTOS \n\t\t\t\t\t<\/a>\t\n\t\t\t\t\t\t\n\t\t\n\t\t\t\t<\/div>\n\t\t\t<\/div>\n\t\t\t\t\t\n\t\t\t<div class=\"item  text-default\" data-hash=\"REDDEDATOS2\">\n\n\t\t\t\t<div class=\"image\">\n\t\t\t\t\t\n\t\t\t\t\t<div class=\"absolute\" style=\"background-image: url(https:\/\/teviasa.com.ec\/wp-content\/uploads\/2020\/07\/Red-de-datos.png)\"><\/div>\n\t\t\t\t\t<img src=\"https:\/\/teviasa.com.ec\/wp-content\/uploads\/2020\/07\/Red-de-datos.png\" alt=\"RED DE DATOS\" \/>\n\t\t\t\t\t\n\t\t\t\t<\/div>\n\t\t\t\t<div class=\"content\">\n\t\n\t\t\t\t\t\t\t\t\t\t<a href=\"#\">\n\t\t\t\t\t\n\t\t\t\t\t<h3>RED DE DATOS<\/h3>\n\n\t\t\t\t\t\t\t\t\t\t<\/a>\n\t\t\t\t\t\t\n\n\t\t\t\t\t<div class=\"subtitle lead\">Que es la red de datos?<\/div>\n\t\t\t\t\t<div class=\"description\">Las soluciones de networking son capaces de dar respuesta a los requerimientos de una red de datos corporativa fundamentada en el nivel de servicio y garant\u00eda de calidad, en aspectos tales como conmutaci\u00f3n, acceso, ancho de banda, monitorizaci\u00f3n, redundancia, etc.  La electr\u00f3nica de red es, por tanto, un elemento importante en redes de datos tradicionales, pero totalmente cr\u00edtico en redes de datos multiservicio. Para nosotros su dise\u00f1o, implementaci\u00f3n, monitoreo, gesti\u00f3n y mantenimiento pasan a ser, por tanto, fundamentales. <\/div>\n\n\t\t\t\t\t\t\t\t\t\t<a href=\"#\" class=\"btn btn-c1 btn-wire btn-sm\"> \n\t\t\t\t\t\tVER CAT\u00c1LOGO DE PRODUCTOS \n\t\t\t\t\t<\/a>\t\n\t\t\t\t\t\t\n\t\t\n\t\t\t\t<\/div>\n\t\t\t<\/div>\n\t\t\t<\/div>\n<\/div><\/div><\/div><\/div><\/div><\/div><\/div><div id=\"pg-180-2\"  class=\"panel-grid panel-has-style\" ><div class=\"lsow-dark-bg tablet-default mobile-1-in-row desktop-default panel-row-style panel-row-style-for-180-2\" ><div id=\"pgc-180-2-0\"  class=\"panel-grid-cell\" ><div id=\"panel-180-2-0-0\" class=\"so-panel widget widget_orion_heading_w panel-first-child\" data-index=\"4\" ><div class=\"orion mobile-text-center default panel-widget-style panel-widget-style-for-180-2-0-0\" ><div class=\"so-widget-orion_heading_w so-widget-orion_heading_w-base\">\n\t\n\t\t\n\t<div class=\"row orion-heading\" style=\"margin-bottom:0px;\">\n\t\t<div class=\"col-md-12   text-center style-h2 style-text-dark\">\n\t\t\t<h2 class=\"text-dark text-uppercase\">\n\t\t\t\t<strong>Nuestros Servicios<\/strong>\t\t\t<\/h2>\n\t\t<\/div>\n\t<\/div>\n\n\t<\/div><\/div><\/div><div id=\"panel-180-2-0-1\" class=\"so-panel widget widget_sow-editor panel-last-child\" data-index=\"5\" ><div class=\"orion text-light panel-widget-style panel-widget-style-for-180-2-0-1\" ><div class=\"so-widget-sow-editor so-widget-sow-editor-base\">\n<div class=\"siteorigin-widget-tinymce textwidget\">\n\t<p class=\"lead\" style=\"text-align: center;\"><span style=\"color: #808080;\"><em>En Telecomunicaciones<\/em><\/span><\/p>\n<\/div>\n<\/div><\/div><\/div><\/div><\/div><\/div><div id=\"pg-180-3\"  class=\"panel-grid panel-has-style\" ><div class=\"lsow-dark-bg siteorigin-panels-stretch tablet-1-in-row mobile-1-in-row desktop-default panel-row-style panel-row-style-for-180-3\" data-stretch-type=\"full\" ><div id=\"pgc-180-3-0\"  class=\"panel-grid-cell\" ><div id=\"panel-180-3-0-0\" class=\"so-panel widget widget_orion_features_w panel-first-child\" data-index=\"6\" ><div class=\"orion default shadow-1 panel-widget-style panel-widget-style-for-180-3-0-0\" ><div class=\"so-widget-orion_features_w so-widget-orion_features_w-base\">\n<div class=\"features-wrap has_borders grid\">\n\t<div class=\"tbl-wrap\">\n\t\t<div class=\"wrap-2 clearfix row\">\n\t\t\t\t\t\t\n\t\t\t\t\t\t\n\t\t\t<div class=\"feature-item clearfix has-bg text-left col-xs-12 col-md-12 col-sm-12 text-default\" >\n\t\t\t\t<div class=\"overflow-hidden\">\n\t\t\t\t\t<div class=\"feature-item-wrap tbl-wrap no-toggle\">\t\t\n\t\t\t\t\t\t<div class=\"overlay-wrap\" style=\"background-color: rgba(255,255,255,1);\">\n\t\t\t\t\t\t<\/div>\n\t\t\t\t\t\t<div class=\"image-overlay-wrap\">\n\t\t\t\t\t\t<\/div>\n\t\t\t\t\t\t<div class=\"table-cell\" style=\"height:300px;\">\n\t\t\t\t\t\t\t<div class=\"header\">\n\t\t\t\t\t\t\t\t<span class=\"sow-icon-fontawesome sow-fas\" data-sow-icon=\"&#xf15c;\"\n\t\tstyle=\"color: #22AA86\" ><\/span><h5 class=\"item-title\">Contratos<\/h5>\t\t\t\t\t\t\t<\/div>\n\t\t\t\t\t\t\t<div class=\"footer\">\n\t\t\t\t\t\t\t\t<p>\n\t\t\t\t\t\t\t\t\tContratos a corto, mediano y largo plazo de servicios de mantenimiento preventivo y\ncorrectivo a sistemas de telecomunicaciones.\t\t\t\t\t\t\t\t<\/p>\t\n\t\t\t\t\t\t\t\t\t\t\t\t\t\t\t<\/div>\n\t\t\t\t\t\t<\/div>\n\t\t\t\t\t<\/div>\n\t\t\t\t<\/div>\n\n\t\t\t<\/div>\n\t\t\t\t<\/div>\n\t\t<\/div>\n\n<\/div><\/div><\/div><\/div><div id=\"panel-180-3-0-1\" class=\"so-panel widget widget_orion_features_w panel-last-child\" data-index=\"7\" ><div class=\"orion default shadow-1 panel-widget-style panel-widget-style-for-180-3-0-1\" ><div class=\"so-widget-orion_features_w so-widget-orion_features_w-base\">\n<div class=\"features-wrap has_borders grid\">\n\t<div class=\"tbl-wrap\">\n\t\t<div class=\"wrap-2 clearfix row\">\n\t\t\t\t\t\t\n\t\t\t\t\t\t\n\t\t\t<div class=\"feature-item clearfix has-bg text-left col-xs-12 col-md-12 col-sm-12 text-default\" >\n\t\t\t\t<div class=\"overflow-hidden\">\n\t\t\t\t\t<div class=\"feature-item-wrap tbl-wrap no-toggle\">\t\t\n\t\t\t\t\t\t<div class=\"overlay-wrap\" style=\"background-color: rgba(255,255,255,1);\">\n\t\t\t\t\t\t<\/div>\n\t\t\t\t\t\t<div class=\"image-overlay-wrap\">\n\t\t\t\t\t\t<\/div>\n\t\t\t\t\t\t<div class=\"table-cell\" style=\"height:300px;\">\n\t\t\t\t\t\t\t<div class=\"header\">\n\t\t\t\t\t\t\t\t<span class=\"sow-icon-fontawesome sow-fas\" data-sow-icon=\"&#xf085;\"\n\t\tstyle=\"color: #22AA86\" ><\/span><h5 class=\"item-title\">Servicio T\u00e9cnico<\/h5>\t\t\t\t\t\t\t<\/div>\n\t\t\t\t\t\t\t<div class=\"footer\">\n\t\t\t\t\t\t\t\t<p>\n\t\t\t\t\t\t\t\t\tServicio t\u00e9cnico S\u00e9nior y Junior en campo, mensualizado y bajo llamada.\t\t\t\t\t\t\t\t<\/p>\t\n\t\t\t\t\t\t\t\t\t\t\t\t\t\t\t<\/div>\n\t\t\t\t\t\t<\/div>\n\t\t\t\t\t<\/div>\n\t\t\t\t<\/div>\n\n\t\t\t<\/div>\n\t\t\t\t<\/div>\n\t\t<\/div>\n\n<\/div><\/div><\/div><\/div><\/div><div id=\"pgc-180-3-1\"  class=\"panel-grid-cell\" ><div id=\"panel-180-3-1-0\" class=\"so-panel widget widget_orion_features_w panel-first-child\" data-index=\"8\" ><div class=\"orion default shadow-1 panel-widget-style panel-widget-style-for-180-3-1-0\" ><div class=\"so-widget-orion_features_w so-widget-orion_features_w-base\">\n<div class=\"features-wrap has_borders grid\">\n\t<div class=\"tbl-wrap\">\n\t\t<div class=\"wrap-2 clearfix row\">\n\t\t\t\t\t\t\n\t\t\t\t\t\t\n\t\t\t<div class=\"feature-item clearfix has-bg text-left col-xs-12 col-md-12 col-sm-12 text-default\" >\n\t\t\t\t<div class=\"overflow-hidden\">\n\t\t\t\t\t<div class=\"feature-item-wrap tbl-wrap no-toggle\">\t\t\n\t\t\t\t\t\t<div class=\"overlay-wrap\" style=\"background-color: rgba(255,255,255,1);\">\n\t\t\t\t\t\t<\/div>\n\t\t\t\t\t\t<div class=\"image-overlay-wrap\">\n\t\t\t\t\t\t<\/div>\n\t\t\t\t\t\t<div class=\"table-cell\" style=\"height:300px;\">\n\t\t\t\t\t\t\t<div class=\"header\">\n\t\t\t\t\t\t\t\t<span class=\"sow-icon-fontawesome sow-fas\" data-sow-icon=\"&#xf653;\"\n\t\tstyle=\"color: #22AA86\" ><\/span><h5 class=\"item-title\">Renta<\/h5>\t\t\t\t\t\t\t<\/div>\n\t\t\t\t\t\t\t<div class=\"footer\">\n\t\t\t\t\t\t\t\t<p>\n\t\t\t\t\t\t\t\t\tRenta de sistemas e infraestructura en cordillera y torres de telecomunicaciones.\t\t\t\t\t\t\t\t<\/p>\t\n\t\t\t\t\t\t\t\t\t\t\t\t\t\t\t<\/div>\n\t\t\t\t\t\t<\/div>\n\t\t\t\t\t<\/div>\n\t\t\t\t<\/div>\n\n\t\t\t<\/div>\n\t\t\t\t<\/div>\n\t\t<\/div>\n\n<\/div><\/div><\/div><\/div><div id=\"panel-180-3-1-1\" class=\"so-panel widget widget_orion_features_w panel-last-child\" data-index=\"9\" ><div class=\"orion default shadow-1 panel-widget-style panel-widget-style-for-180-3-1-1\" ><div class=\"so-widget-orion_features_w so-widget-orion_features_w-base\">\n<div class=\"features-wrap has_borders grid\">\n\t<div class=\"tbl-wrap\">\n\t\t<div class=\"wrap-2 clearfix row\">\n\t\t\t\t\t\t\n\t\t\t\t\t\t\n\t\t\t<div class=\"feature-item clearfix has-bg text-left col-xs-12 col-md-12 col-sm-12 text-default\" >\n\t\t\t\t<div class=\"overflow-hidden\">\n\t\t\t\t\t<div class=\"feature-item-wrap tbl-wrap no-toggle\">\t\t\n\t\t\t\t\t\t<div class=\"overlay-wrap\" style=\"background-color: rgba(255,255,255,1);\">\n\t\t\t\t\t\t<\/div>\n\t\t\t\t\t\t<div class=\"image-overlay-wrap\">\n\t\t\t\t\t\t<\/div>\n\t\t\t\t\t\t<div class=\"table-cell\" style=\"height:300px;\">\n\t\t\t\t\t\t\t<div class=\"header\">\n\t\t\t\t\t\t\t\t<span class=\"sow-icon-fontawesome sow-fas\" data-sow-icon=\"&#xf2ce;\"\n\t\tstyle=\"color: #22AA86\" ><\/span><h5 class=\"item-title\">S. T\u00e9cnico Torres<\/h5>\t\t\t\t\t\t\t<\/div>\n\t\t\t\t\t\t\t<div class=\"footer\">\n\t\t\t\t\t\t\t\t<p>\n\t\t\t\t\t\t\t\t\tServicio t\u00e9cnico para trabajo en torres.\n\t\t\t\t\t\t\t\t<\/p>\t\n\t\t\t\t\t\t\t\t\t\t\t\t\t\t\t<\/div>\n\t\t\t\t\t\t<\/div>\n\t\t\t\t\t<\/div>\n\t\t\t\t<\/div>\n\n\t\t\t<\/div>\n\t\t\t\t<\/div>\n\t\t<\/div>\n\n<\/div><\/div><\/div><\/div><\/div><div id=\"pgc-180-3-2\"  class=\"panel-grid-cell\" ><div id=\"panel-180-3-2-0\" class=\"so-panel widget widget_orion_features_w panel-first-child\" data-index=\"10\" ><div class=\"orion default shadow-1 panel-widget-style panel-widget-style-for-180-3-2-0\" ><div class=\"so-widget-orion_features_w so-widget-orion_features_w-base\">\n<div class=\"features-wrap has_borders grid\">\n\t<div class=\"tbl-wrap\">\n\t\t<div class=\"wrap-2 clearfix row\">\n\t\t\t\t\t\t\n\t\t\t\t\t\t\n\t\t\t<div class=\"feature-item clearfix has-bg text-left col-xs-12 col-md-12 col-sm-12 text-default\" >\n\t\t\t\t<div class=\"overflow-hidden\">\n\t\t\t\t\t<div class=\"feature-item-wrap tbl-wrap no-toggle\">\t\t\n\t\t\t\t\t\t<div class=\"overlay-wrap\" style=\"background-color: rgba(255,255,255,1);\">\n\t\t\t\t\t\t<\/div>\n\t\t\t\t\t\t<div class=\"image-overlay-wrap\">\n\t\t\t\t\t\t<\/div>\n\t\t\t\t\t\t<div class=\"table-cell\" style=\"height:300px;\">\n\t\t\t\t\t\t\t<div class=\"header\">\n\t\t\t\t\t\t\t\t<span class=\"sow-icon-fontawesome sow-fas\" data-sow-icon=\"&#xf03a;\"\n\t\tstyle=\"color: #22AA86\" ><\/span><h5 class=\"item-title\">Proyectos<\/h5>\t\t\t\t\t\t\t<\/div>\n\t\t\t\t\t\t\t<div class=\"footer\">\n\t\t\t\t\t\t\t\t<p>\n\t\t\t\t\t\t\t\t\tCoordinaci\u00f3n de proyectos.\t\t\t\t\t\t\t\t<\/p>\t\n\t\t\t\t\t\t\t\t\t\t\t\t\t\t\t<\/div>\n\t\t\t\t\t\t<\/div>\n\t\t\t\t\t<\/div>\n\t\t\t\t<\/div>\n\n\t\t\t<\/div>\n\t\t\t\t<\/div>\n\t\t<\/div>\n\n<\/div><\/div><\/div><\/div><div id=\"panel-180-3-2-1\" class=\"so-panel widget widget_orion_features_w panel-last-child\" data-index=\"11\" ><div class=\"orion default shadow-1 panel-widget-style panel-widget-style-for-180-3-2-1\" ><div class=\"so-widget-orion_features_w so-widget-orion_features_w-base\">\n<div class=\"features-wrap has_borders grid\">\n\t<div class=\"tbl-wrap\">\n\t\t<div class=\"wrap-2 clearfix row\">\n\t\t\t\t\t\t\n\t\t\t\t\t\t\n\t\t\t<div class=\"feature-item clearfix has-bg text-left col-xs-12 col-md-12 col-sm-12 text-default\" >\n\t\t\t\t<div class=\"overflow-hidden\">\n\t\t\t\t\t<div class=\"feature-item-wrap tbl-wrap no-toggle\">\t\t\n\t\t\t\t\t\t<div class=\"overlay-wrap\" style=\"background-color: rgba(255,255,255,1);\">\n\t\t\t\t\t\t<\/div>\n\t\t\t\t\t\t<div class=\"image-overlay-wrap\">\n\t\t\t\t\t\t<\/div>\n\t\t\t\t\t\t<div class=\"table-cell\" style=\"height:300px;\">\n\t\t\t\t\t\t\t<div class=\"header\">\n\t\t\t\t\t\t\t\t<span class=\"sow-icon-ionicons\" data-sow-icon=\"&#xf3c5;\"\n\t\tstyle=\"color: #22AA86\" ><\/span><h5 class=\"item-title\">Laboratorio<\/h5>\t\t\t\t\t\t\t<\/div>\n\t\t\t\t\t\t\t<div class=\"footer\">\n\t\t\t\t\t\t\t\t<p>\n\t\t\t\t\t\t\t\t\tServicio de laboratorio t\u00e9cnico especializado. \n\t\t\t\t\t\t\t\t<\/p>\t\n\t\t\t\t\t\t\t\t\t\t\t\t\t\t\t<\/div>\n\t\t\t\t\t\t<\/div>\n\t\t\t\t\t<\/div>\n\t\t\t\t<\/div>\n\n\t\t\t<\/div>\n\t\t\t\t<\/div>\n\t\t<\/div>\n\n<\/div><\/div><\/div><\/div><\/div><\/div><\/div><div id=\"pg-180-4\"  class=\"panel-grid panel-has-style\" ><div class=\"siteorigin-panels-stretch orion-separator top-svg-4 top-svg-outside tablet-default mobile-1-in-row desktop-default panel-row-style panel-row-style-for-180-4\" data-stretch-type=\"full\" data-svg-top-color=\"#ffffff\" ><div id=\"pgc-180-4-0\"  class=\"panel-grid-cell\" ><div id=\"panel-180-4-0-0\" class=\"so-panel widget widget_orion_empty_space_w panel-first-child\" data-index=\"12\" ><div class=\"orion default panel-widget-style panel-widget-style-for-180-4-0-0\" ><div class=\"so-widget-orion_empty_space_w so-widget-orion_empty_space_w-base\">\t<div class=\"row empty-space  visible-lg visible-md visible-sm visible-xs\" style=\"height:31px;\">\n\t<\/div><\/div><\/div><\/div><div id=\"panel-180-4-0-1\" class=\"so-panel widget widget_orion_heading_w\" data-index=\"13\" ><div class=\"orion mobile-text-center default panel-widget-style panel-widget-style-for-180-4-0-1\" ><div class=\"so-widget-orion_heading_w so-widget-orion_heading_w-base\">\n\t\n\t\t\n\t<div class=\"row orion-heading\" style=\"margin-bottom:0px;\">\n\t\t<div class=\"col-md-12   text-center style-h2 style-text-dark\">\n\t\t\t<h2 class=\"text-dark text-uppercase\">\n\t\t\t\t<strong>Nuestros Partners<\/strong>\t\t\t<\/h2>\n\t\t<\/div>\n\t<\/div>\n\n\t<\/div><\/div><\/div><div id=\"panel-180-4-0-2\" class=\"so-panel widget widget_sow-editor\" data-index=\"14\" ><div class=\"orion text-light panel-widget-style panel-widget-style-for-180-4-0-2\" ><div class=\"so-widget-sow-editor so-widget-sow-editor-base\">\n<div class=\"siteorigin-widget-tinymce textwidget\">\n\t<p class=\"lead\" style=\"text-align: center;\"><span style=\"color: #808080;\"><em>En Telecomunicaciones<\/em><\/span><\/p>\n<\/div>\n<\/div><\/div><\/div><div id=\"panel-180-4-0-3\" class=\"so-panel widget widget_orion_logos_w\" data-index=\"15\" ><div class=\"orion default panel-widget-style panel-widget-style-for-180-4-0-3\" ><div class=\"so-widget-orion_logos_w so-widget-orion_logos_w-base\"><div class=\"row logo-w-wrap\">\n\t\t\t\t<div class=\"relative clearfix\">\n\t\t<div class=\"logos-wrap col-md-12 carousel owl-carousel owl-theme\" data-col=4 data-autoplay=true data-autoplaytimeout=2053 >\n\t\t\n\t\t\t\t\t\t\t\t<div class=\"cell-wrap\" style=\"padding-bottom: 208px;border-color:rgba(0,0,0,.1);\">\n\t\t\t\t\t\t\t\t\t<span class=\"logo\" data-imgsize=90 data-imghoversize=100>\n\t\t\t\t\t\t<img src=\"https:\/\/teviasa.com.ec\/wp-content\/uploads\/2020\/06\/cambium.jpg\" alt=\"Logo 1\">\n\t\t\t\t\t<\/span>\n\t\t\t\t\t\t\t<\/div>\t\t\t\n\t\t\t\t\t\t\t\t<div class=\"cell-wrap\" style=\"padding-bottom: 208px;border-color:rgba(0,0,0,.1);\">\n\t\t\t\t\t\t\t\t\t<span class=\"logo\" data-imgsize=90 data-imghoversize=100>\n\t\t\t\t\t\t<img src=\"https:\/\/teviasa.com.ec\/wp-content\/uploads\/2020\/07\/mikrotik.jpg\" alt=\"Logo 2\">\n\t\t\t\t\t<\/span>\n\t\t\t\t\t\t\t<\/div>\t\t\t\n\t\t\t\t\t\t\t\t<div class=\"cell-wrap\" style=\"padding-bottom: 208px;border-color:rgba(0,0,0,.1);\">\n\t\t\t\t\t\t\t\t\t<span class=\"logo\" data-imgsize=90 data-imghoversize=100>\n\t\t\t\t\t\t<img src=\"https:\/\/teviasa.com.ec\/wp-content\/uploads\/2020\/07\/ubiquiti.jpg\" alt=\"Logo 3\">\n\t\t\t\t\t<\/span>\n\t\t\t\t\t\t\t<\/div>\t\t\t\n\t\t\t\t\t\t\t\t<div class=\"cell-wrap\" style=\"padding-bottom: 208px;border-color:rgba(0,0,0,.1);\">\n\t\t\t\t\t\t\t\t\t<span class=\"logo\" data-imgsize=90 data-imghoversize=100>\n\t\t\t\t\t\t<img src=\"https:\/\/teviasa.com.ec\/wp-content\/uploads\/2020\/07\/cisco.jpg\" alt=\"Logo 4\">\n\t\t\t\t\t<\/span>\n\t\t\t\t\t\t\t<\/div>\t\t\t\n\t\t\t\t\t\t\t\t<div class=\"cell-wrap\" style=\"padding-bottom: 208px;border-color:rgba(0,0,0,.1);\">\n\t\t\t\t\t\t\t\t\t<span class=\"logo\" data-imgsize=90 data-imghoversize=100>\n\t\t\t\t\t\t<img src=\"https:\/\/teviasa.com.ec\/wp-content\/uploads\/2020\/06\/panduit.jpg\" alt=\"Logo 5\">\n\t\t\t\t\t<\/span>\n\t\t\t\t\t\t\t<\/div>\t\t\t\n\t\t\t\t\t\t\t\t<div class=\"cell-wrap\" style=\"padding-bottom: 208px;border-color:rgba(0,0,0,.1);\">\n\t\t\t\t\t\t\t\t\t<span class=\"logo\" data-imgsize=90 data-imghoversize=100>\n\t\t\t\t\t\t<img src=\"https:\/\/teviasa.com.ec\/wp-content\/uploads\/2020\/06\/belden.jpg\" alt=\"Logo 6\">\n\t\t\t\t\t<\/span>\n\t\t\t\t\t\t\t<\/div>\t\t\t\n\t\t\t\t\t\t\t\t<div class=\"cell-wrap\" style=\"padding-bottom: 208px;border-color:rgba(0,0,0,.1);\">\n\t\t\t\t\t\t\t\t\t<span class=\"logo\" data-imgsize=90 data-imghoversize=100>\n\t\t\t\t\t\t<img src=\"https:\/\/teviasa.com.ec\/wp-content\/uploads\/2020\/06\/sinclair.jpg\" alt=\"Logo 6\">\n\t\t\t\t\t<\/span>\n\t\t\t\t\t\t\t<\/div>\t\t\t\n\t\t\t\n\t\t\t\t\t\n\t<\/div>\n\t\t\t<div class=\"nav-controll arrows-aside\">\n\t\t\t<div class=\"owl-nav aside text-default\">\n\t\t\t\t<a class=\"btn btn-sm btn-empty owlprev icon\" ><i class=\"orionicon orionicon-arrow_carrot-left\"><\/i><\/a>\n\t\t\t\t<a class=\"btn btn-sm btn-empty owlnext icon\" ><i class=\"orionicon orionicon-arrow_carrot-right\"><\/i><\/a>\n\t\t\t<\/div>\n\t\t<\/div>\n\t<\/div>\n\t<\/div><\/div><\/div><\/div><div id=\"panel-180-4-0-4\" class=\"so-panel widget widget_orion_empty_space_w panel-last-child\" data-index=\"16\" ><div class=\"orion default panel-widget-style panel-widget-style-for-180-4-0-4\" ><div class=\"so-widget-orion_empty_space_w so-widget-orion_empty_space_w-base\">\t<div class=\"row empty-space  visible-lg visible-md visible-sm visible-xs\" style=\"height:31px;\">\n\t<\/div><\/div><\/div><\/div><\/div><\/div><\/div><\/div>","protected":false},"excerpt":{"rendered":"<p>Lorem ipsum dolor sit amet, consectetuer. Proin gravida nibh vel velit auctor aliquet. Aenean sollicitudin, lorem quis bibendum auctor, nisi elit consequat ipsum.<\/p>\n","protected":false},"author":1,"featured_media":0,"parent":0,"menu_order":0,"comment_status":"closed","ping_status":"closed","template":"","meta":[],"_links":{"self":[{"href":"https:\/\/teviasa.com.ec\/index.php\/wp-json\/wp\/v2\/pages\/180"}],"collection":[{"href":"https:\/\/teviasa.com.ec\/index.php\/wp-json\/wp\/v2\/pages"}],"about":[{"href":"https:\/\/teviasa.com.ec\/index.php\/wp-json\/wp\/v2\/types\/page"}],"author":[{"embeddable":true,"href":"https:\/\/teviasa.com.ec\/index.php\/wp-json\/wp\/v2\/users\/1"}],"replies":[{"embeddable":true,"href":"https:\/\/teviasa.com.ec\/index.php\/wp-json\/wp\/v2\/comments?post=180"}],"version-history":[{"count":109,"href":"https:\/\/teviasa.com.ec\/index.php\/wp-json\/wp\/v2\/pages\/180\/revisions"}],"predecessor-version":[{"id":2632,"href":"https:\/\/teviasa.com.ec\/index.php\/wp-json\/wp\/v2\/pages\/180\/revisions\/2632"}],"wp:attachment":[{"href":"https:\/\/teviasa.com.ec\/index.php\/wp-json\/wp\/v2\/media?parent=180"}],"curies":[{"name":"wp","href":"https:\/\/api.w.org\/{rel}","templated":true}]}}